{"id":278,"date":"2023-09-27T10:16:27","date_gmt":"2023-09-27T07:16:27","guid":{"rendered":"https:\/\/ssmr.cunbm.utcluj.ro\/?page_id=278"},"modified":"2025-10-16T15:43:50","modified_gmt":"2025-10-16T12:43:50","slug":"membrii-cotizanti-ai-ssmr-filiala-maramures-pe-anul-2022","status":"publish","type":"page","link":"https:\/\/ssmr.cunbm.utcluj.ro\/index.php\/membrii-ai-filialei-maramures-a-ssmr\/membrii-cotizanti-ai-ssmr-filiala-maramures-pe-anul-2022\/","title":{"rendered":"Membri cotizan\u021bi ai SSMR \u2013 Filiala Maramure\u0219 pe anul 2022"},"content":{"rendered":"\n<figure class=\"wp-block-table\"><table><tbody><tr><td><strong>Nr<\/strong>. <strong>crt.<\/strong><\/td><td><strong>Numele \u0219i prenumele<\/strong><\/td><td><strong>Institu\u0163ia de \u00eenv\u0103\u021b\u0103m\u00e2nt<\/strong><\/td><\/tr><tr><td>&nbsp;1.<\/td><td>Ardelean Codru\u021ba<\/td><td>\u0218c. Gim. \u201eAl. I. Cuza\u201d Baia Mare<\/td><\/tr><tr><td>&nbsp;2.<\/td><td>Axinte Erika<\/td><td>L.T. \u201eI. Buteanu\u201d \u0218omcuta Mare<\/td><\/tr><tr><td>&nbsp;3.<\/td><td>Balogh Erika<\/td><td>C. T. \u201eC.D. Neni\u021bescu\u201d Baia Mare<\/td><\/tr><tr><td>&nbsp;4.<\/td><td>Barbur Simona<\/td><td>\u0218c. Gim. \u201eV. Alecsandri\u201d Baia Mare<\/td><\/tr><tr><td>&nbsp;5.<\/td><td>B\u0103bu\u021b Nechita<\/td><td>\u0218c. Gim. Cupseni<\/td><\/tr><tr><td>&nbsp;6.<\/td><td>B\u00e2rle Valentina<\/td><td>\u0218c. Gim. Mire\u0219u Mare<\/td><\/tr><tr><td>&nbsp;7.<\/td><td>B\u00e2rsan Irina<\/td><td>C. de Arte Baia Mare<\/td><\/tr><tr><td>&nbsp;8.<\/td><td>Bedeoan Loredana<\/td><td>C. N. ,,D. Vod\u0103\u201d Sighetu Marma\u021biei<\/td><\/tr><tr><td>&nbsp;9.<\/td><td>Berinde Lia<\/td><td>C. T. \u201eTransilvania\u201d Baia Mare<\/td><\/tr><tr><td>&nbsp;10.<\/td><td>Berinde Vasile<\/td><td>U. T. Cluj-Napoca, Centrul Univ. Nord Baia Mare<\/td><\/tr><tr><td>&nbsp;11.<\/td><td>Berindea Vasile<\/td><td>\u0218c. Gim. Bude\u0219ti<\/td><\/tr><tr><td>&nbsp;12.<\/td><td>Birta Adriana<\/td><td>C. T. \u201eA. Saligny\u201d Baia Mare<\/td><\/tr><tr><td>&nbsp;13.<\/td><td>Blenche Mihaela<\/td><td>\u0218c. Gim. Oar\u021ba de Sus<\/td><\/tr><tr><td>&nbsp;14.<\/td><td>Bob Robert<\/td><td>C. N. \u201eGh. \u0218incai\u201d Baia Mare<\/td><\/tr><tr><td>&nbsp;15.<\/td><td>Bobb Ovidiu<\/td><td>\u0218c.&nbsp; Gim. \u201eA. Buzura\u201d Copalnic-M\u0103n\u0103stur<\/td><\/tr><tr><td>&nbsp;16.<\/td><td>Boga Ovidiu<\/td><td>L.&nbsp; T. G. C. Moisil&#8221; T\u00e2rgu L\u0103pu\u0219<\/td><\/tr><tr><td>&nbsp;17.<\/td><td>Bogdan Ancu\u021ba<\/td><td>L. T. A. \u201eAl. Berinde\u201d Seini<\/td><\/tr><tr><td>&nbsp;18.<\/td><td>Bojor Florin<\/td><td>C. N. \u201eGh. \u0218incai\u201d Baia Mare<\/td><\/tr><tr><td>&nbsp;19.<\/td><td>Bojor Meda<\/td><td>C. N. \u201eGh. \u0218incai\u201d Baia Mare<\/td><\/tr><tr><td>&nbsp;20.<\/td><td>Borcut Marin<\/td><td>C. Ec. \u201ePintea Viteazul\u201d Cavnic<\/td><\/tr><tr><td>&nbsp;21.<\/td><td>Boroica Gabriela<\/td><td>C. N. \u201eV. Lucaciu\u201d Baia Mare<\/td><\/tr><tr><td>&nbsp;22.<\/td><td>Boroica Gheorghe<\/td><td>C. N. \u201eGh. \u0218incai\u201d Baia Mare<\/td><\/tr><tr><td>&nbsp;23.<\/td><td>Borota Ovidiu<\/td><td>\u0218c. Gim. Cerne\u0219ti<\/td><\/tr><tr><td>&nbsp;24.<\/td><td>Botizan Floare<\/td><td>\u0218c. Gim. Nr. 2 Sighetu Marma\u021biei<\/td><\/tr><tr><td>&nbsp;25.<\/td><td>Breitkopf Marieta<\/td><td>\u0218c. Gim. \u201eN. St\u0103nescu\u201d Baia Mare<\/td><\/tr><tr><td>&nbsp;26.<\/td><td>Bretan Andrei<\/td><td>C. N. \u201eV. Lucaciu\u201d Baia Mare<\/td><\/tr><tr><td>&nbsp;27.<\/td><td>Bretan Florina<\/td><td>\u015ec. Gim. \u201eG. Co\u015fbuc\u201d Baia Mare<\/td><\/tr><tr><td>&nbsp;28.<\/td><td>Brisc Viorica<\/td><td>C. N. \u201eGh. \u0218incai\u201d Baia Mare<\/td><\/tr><tr><td>&nbsp;29.<\/td><td>Buda Liviu<\/td><td>\u0218c. Gim. Coroieni<\/td><\/tr><tr><td>&nbsp;30.<\/td><td>Bude Andreea<\/td><td>\u0218c. Gim. L\u0103pu\u0219<\/td><\/tr><tr><td>&nbsp;31.<\/td><td>Bunu Iulian<\/td><td>C. de Arte Baia Mare<\/td><\/tr><tr><td>&nbsp;32.<\/td><td>Burzo Maria<\/td><td>L.&nbsp; T. \u201eG. C. Moisil&#8221; T\u00e2rgu L\u0103pu\u0219<\/td><\/tr><tr><td>&nbsp;33.<\/td><td>Burzo Olimpia<\/td><td>\u0218c.&nbsp; Gim. \u201eF. Muresanu\u201d Suciu de Sus<\/td><\/tr><tr><td>&nbsp;34.<\/td><td>Bu\u0219ecan Andreea<\/td><td>L. T. A. \u201eAl. Berinde\u201d Seini<\/td><\/tr><tr><td>&nbsp;35.<\/td><td>Buzil\u0103-G\u00e2rda Cristian<\/td><td>\u015ec. Gim. \u201eG. Co\u015fbuc\u201d Baia Mare<\/td><\/tr><tr><td>&nbsp;36.<\/td><td>Cadar Maria<\/td><td>\u0218c. Gim. \u201eS. B\u0103rnu\u021biu\u201d Baia Mare<\/td><\/tr><tr><td>&nbsp;37.<\/td><td>Caltea Amalia<\/td><td>\u0218c. Gim. \u201eAl. I. Cuza\u201d Baia Mare<\/td><\/tr><tr><td>&nbsp;38.<\/td><td>C\u00e2mpan Florin<\/td><td>\u0218c. Gim. \u201eA. Iancu\u201d Baia Mare<\/td><\/tr><tr><td>&nbsp;39.<\/td><td>Chende Paula<\/td><td>\u015ec. Gim. \u201eG. Co\u015fbuc\u201d Baia Mare<\/td><\/tr><tr><td>&nbsp;40.<\/td><td>Chiorean Adela<\/td><td>\u015ec. Gim. \u201eG. Co\u015fbuc\u201d Baia Mare<\/td><\/tr><tr><td>&nbsp;41.<\/td><td>Chi\u0219 Maria Marioara<\/td><td>\u0218c. Gim. \u201eM. Eminescu\u201d S\u0103li\u0219tea de Sus<\/td><\/tr><tr><td>&nbsp;42.<\/td><td>Chiuzb\u0103ian Elisabeta<\/td><td>\u0218c. Gim. \u201eGh. Lupan\u201d Gro\u0219i<\/td><\/tr><tr><td>&nbsp;43.<\/td><td>Ciolte Daniela<\/td><td>C. N. \u201eM. Eminescu\u201d Baia Mare<\/td><\/tr><tr><td>&nbsp;44.<\/td><td>Ciupe Liliana<\/td><td>Scoala Gimnaziala &#8222;Regina Elisabeta&#8221; Baiut<\/td><\/tr><tr><td>&nbsp;45.<\/td><td>Cora Irina<\/td><td>\u0218c. Gim. Giule\u0219ti<\/td><\/tr><tr><td>&nbsp;46.<\/td><td>Corui Gina<\/td><td>\u0218c. Gim. Nr.18 Baia Mare<\/td><\/tr><tr><td>&nbsp;47.<\/td><td>Cosma Simona<\/td><td>\u0218c. Gim. Nr.18 Baia Mare<\/td><\/tr><tr><td>&nbsp;48.<\/td><td>Costin Mariana Ionela<\/td><td>\u0218c.&nbsp; Gim. \u201eA. Buzura\u201d Copalnic-M\u0103n\u0103stur<\/td><\/tr><tr><td>&nbsp;49.<\/td><td>Cotofan Olivia<\/td><td>\u0218c.&nbsp; Gim. \u201eA. Buzura\u201d Copalnic-M\u0103n\u0103stur<\/td><\/tr><tr><td>&nbsp;50.<\/td><td>Covaci Vaselina<\/td><td>\u0218c. Gim. Ruscova<\/td><\/tr><tr><td>&nbsp;51.<\/td><td>Covaciu Traian<\/td><td>C. N. \u201eV. Lucaciu\u201d Baia Mare<\/td><\/tr><tr><td>&nbsp;52.<\/td><td>Cr\u0103ciun Lucia<\/td><td>\u0218c. Gim. Cerne\u0219ti<\/td><\/tr><tr><td>&nbsp;53.<\/td><td>Cr\u0103ciun Marius<\/td><td>C. N. \u201eM. Eminescu\u201d Baia Mare<\/td><\/tr><tr><td>&nbsp;54.<\/td><td>Cucu Camelia<\/td><td>\u0218c. Gim. Cupseni<\/td><\/tr><tr><td>&nbsp;55.<\/td><td>Cup\u0219a Adriana<\/td><td>L.&nbsp; T. \u201eG. C. Moisil&#8221; T\u00e2rgu L\u0103pu\u0219<\/td><\/tr><tr><td>&nbsp;56.<\/td><td>Cup\u0219a Mariana<\/td><td>\u0218c. Gim. \u201eN. Steinhardt\u201d Rohia<\/td><\/tr><tr><td>&nbsp;57.<\/td><td>Dale Camelia<\/td><td>C. T. \u201eTransilvania\u201d Baia Mare<\/td><\/tr><tr><td>&nbsp;58.<\/td><td>Darol\u021bi Erika<\/td><td>C. N. \u201eV. Lucaciu\u201d Baia Mare<\/td><\/tr><tr><td>&nbsp;59.<\/td><td>Deac Maria<\/td><td>\u015ec. Gim. C\u00e2mpulung la Tisa<\/td><\/tr><tr><td>&nbsp;60.<\/td><td>Dembrovscki Carol<\/td><td>\u015ec. Gim. C\u00e2mpulung la Tisa<\/td><\/tr><tr><td>&nbsp;61.<\/td><td>Demeter Erika<\/td><td>Sc. Gim. Valea Vi\u0219eului<\/td><\/tr><tr><td>&nbsp;62.<\/td><td>Dobrican Melania<\/td><td>C. Ec. \u201ePintea Viteazul\u201d Cavnic<\/td><\/tr><tr><td>&nbsp;63.<\/td><td>Dragoi Costel<\/td><td>\u0218c. Gim. Saras\u0103u<\/td><\/tr><tr><td>&nbsp;64.<\/td><td>Dragomir Cristina<\/td><td>Lic. Teor. \u201eE. Racovi\u021b\u0103\u201d Baia Mare<\/td><\/tr><tr><td><strong>&nbsp;<\/strong>65.<\/td><td>Eberst Maria<\/td><td>Lic. Sportiv Baia Mare<\/td><\/tr><tr><td>&nbsp;66.<\/td><td>Erdei Mariana<\/td><td>\u0218c. Gim. ,,D. Cantemir\u201d Baia Mare<\/td><\/tr><tr><td>&nbsp;67.<\/td><td>Farca\u0219 Cristina<\/td><td>\u0218c. Gim. Dumbr\u0103vi\u021ba<\/td><\/tr><tr><td>&nbsp;68.<\/td><td>F\u0103rca\u0219 Natalia<\/td><td>C. N. \u201eV. Lucaciu\u201d Baia Mare<\/td><\/tr><tr><td>&nbsp;69.<\/td><td>F\u00e2n\u0103\u021ban Teofil<\/td><td>\u0218c. Gim. \u201eG. Co\u0219buc\u201d Baia Mare<\/td><\/tr><tr><td>&nbsp;70.<\/td><td>Fer\u021badi Marian<\/td><td>Lic. Pedag. ,,T. \u0218evcenko\u201d Sighetu Marma\u021biei<\/td><\/tr><tr><td>&nbsp;71.<\/td><td>Filip Nicu<\/td><td>C. de Arte Baia Mare<\/td><\/tr><tr><td>&nbsp;72.<\/td><td>Florea Elena Livia<\/td><td>\u0218c. Gim. Str\u00e2mtura<\/td><\/tr><tr><td>&nbsp;73.<\/td><td>Fluczar Roxana<\/td><td>\u0218c. Gim. \u201eO. Goga\u201d Baia Mare<\/td><\/tr><tr><td>&nbsp;74.<\/td><td>Gavrila\u0219 Emilia<\/td><td>Lic. Teor. \u201eP. Rare\u0219\u201d T\u00e2rgu L\u0103pu\u0219<\/td><\/tr><tr><td>&nbsp;75.<\/td><td>Gherghel Ioana<\/td><td>\u0218c.&nbsp; Gim. \u201eA. Buzura\u201d Copalnic-M\u0103n\u0103stur<\/td><\/tr><tr><td>&nbsp;76.<\/td><td>Ghirasin Silvia<\/td><td>\u0218c. Gim. \u201eIon Popescu de Coa\u0219\u201d<\/td><\/tr><tr><td>&nbsp;77.<\/td><td>Giurgi Vasile<\/td><td>C. N. ,,D. Vod\u0103\u201d Sighetu Marma\u021biei<\/td><\/tr><tr><td>&nbsp;78.<\/td><td>Godja Florica<\/td><td>\u0218c. Gim. \u201eM. Vulc\u0103nescu\u201d B\u00e2rsana<\/td><\/tr><tr><td>&nbsp;79.<\/td><td>Godja Melania<\/td><td>\u0218c. Gim. C\u0103line\u0219ti<\/td><\/tr><tr><td>&nbsp;80.<\/td><td>Godja Vasile<\/td><td>L. T. \u201eO. Goga\u201d Rozavlea<\/td><\/tr><tr><td>&nbsp;81.<\/td><td>Heuberger Cristian<\/td><td>C. N. \u201eV. Lucaciu\u201d Baia Mare<\/td><\/tr><tr><td>&nbsp;82.<\/td><td>Heuberger Dana<\/td><td>C. N. \u201eV. Lucaciu\u201d Baia Mare<\/td><\/tr><tr><td>&nbsp;83.<\/td><td>Hindli Gyongyi<\/td><td>\u0218c. Gim. S\u0103c\u0103l\u0103\u0219eni<\/td><\/tr><tr><td>&nbsp;84.<\/td><td>Horge Daniel<\/td><td>C. T. \u201eG. Bari\u021biu\u201d Baia Mare<\/td><\/tr><tr><td>&nbsp;85.<\/td><td>Horge Marinela<\/td><td>C. T. \u201eG. Bari\u021biu\u201d Baia Mare<\/td><\/tr><tr><td>&nbsp;86.<\/td><td>Horotan Aura<\/td><td>\u0218c. Gim. Nr.18 Baia Mare<\/td><\/tr><tr><td>&nbsp;87.<\/td><td>Horvat-Marc Andrei<\/td><td>U. T. Cluj-Napoca, Centrul Univ. Nord Baia Mare<\/td><\/tr><tr><td>&nbsp;88.<\/td><td>Hossu C\u0103lin<\/td><td>\u0218c. Gim. ,,D. Cantemir\u201d Baia Mare<\/td><\/tr><tr><td>&nbsp;89.<\/td><td>Hossu Simona<\/td><td>\u0218c. Gim. Cic\u00e2rl\u0103u<\/td><\/tr><tr><td>&nbsp;90.<\/td><td>Indre Alexandra<\/td><td>\u0218c. Gim. \u201eV. Lucaciu\u201d \u0218i\u0219e\u0219ti<\/td><\/tr><tr><td>&nbsp;91.<\/td><td>Iona\u0219 Mirela<\/td><td>Lic. Teor. \u201eP. Rare\u0219\u201d T\u00e2rgu L\u0103pu\u0219<\/td><\/tr><tr><td>&nbsp;92.<\/td><td>Jurja Natalia<\/td><td>L. T. Ocna \u0218ugatag<\/td><\/tr><tr><td>&nbsp;93.<\/td><td>Kaszoni Claudia<\/td><td>L. T. Transporturi Auto Baia Sprie<\/td><\/tr><tr><td>&nbsp;94.<\/td><td>Kosa Timeea<\/td><td>L. T. Ocna \u0218ugatag<\/td><\/tr><tr><td> 95.<\/td><td>Lauran Monica<\/td><td>U. T. Cluj-Napoca, Centrul Univ. Nord Baia Mare<\/td><\/tr><tr><td>&nbsp;96.<\/td><td>Lazar Ioan Iustin<\/td><td>\u0218c. Gim. Rona de Sus<\/td><\/tr><tr><td>&nbsp;97.<\/td><td>Lazarciuc Ramona<\/td><td>\u0218c. Gim. Nr. 2 Sighetu Marma\u021biei<\/td><\/tr><tr><td>&nbsp;98.<\/td><td>Leo Martin<\/td><td>\u0218c. Gim. \u201eN. Steinhardt\u201d Rohia<\/td><\/tr><tr><td>&nbsp;99.<\/td><td>Le\u0219e Teodor<\/td><td>Lic. Teor. \u201eP. Rare\u0219\u201d T\u00e2rgu L\u0103pu\u0219<\/td><\/tr><tr><td>&nbsp;100.<\/td><td>Lopat\u0103 Angela<\/td><td>\u0218c. Gim. \u201eL. Blaga\u201d F\u0103rca\u0219a<\/td><\/tr><tr><td>&nbsp;101.<\/td><td>Luscalov Mariana<\/td><td>L. T. Forestier Sighetu Marma\u021biei<\/td><\/tr><tr><td>&nbsp;102.<\/td><td>Marchi\u0219 Alexandra<\/td><td>\u0218c. Gim. \u201eV. Lucaciu\u201d \u0218i\u0219e\u0219ti<\/td><\/tr><tr><td>&nbsp;103.<\/td><td>Mese\u0219an Teodora<\/td><td>L. T. A. \u201eAl. Berinde\u201d Seini<\/td><\/tr><tr><td>&nbsp;104.<\/td><td>Mica Maria<\/td><td>C. Ec. \u201ePintea Viteazul\u201d Cavnic<\/td><\/tr><tr><td>&nbsp;105.<\/td><td>Micu C\u0103lin<\/td><td>Lic. Teor. \u201eP. Rare\u0219\u201d T\u00e2rgu L\u0103pu\u0219<\/td><\/tr><tr><td>&nbsp;106.<\/td><td>Mihalca Cristina<\/td><td>\u0218c. Gim. \u201eN. St\u0103nescu\u201d Baia Mare<\/td><\/tr><tr><td>&nbsp;107.<\/td><td>Mihalca Florica<\/td><td>\u0218c. Gim. \u201eDr. I. Mihaly de Ap\u0219a\u201d Sighetu Marma\u021biei<\/td><\/tr><tr><td>&nbsp;108.<\/td><td>Mihali Ileana<\/td><td>\u0218c. Gim. Nr. 7 Bor\u015fa<\/td><\/tr><tr><td>&nbsp;109.<\/td><td>Mihi\u0219 Anca<\/td><td>\u0218c. Gim. \u201eN. B\u0103lcescu\u201d Baia Mare<\/td><\/tr><tr><td>&nbsp;110.<\/td><td>Miholca Veronica<\/td><td>\u0218c.&nbsp; Gim. \u201eB. Corlaciu\u201d Gro\u0219ii \u021aible\u0219ului<\/td><\/tr><tr><td>&nbsp;111.<\/td><td>Mihu Amalia<\/td><td>C. N. ,,D. Vod\u0103\u201d Sighetu Marma\u021biei<\/td><\/tr><tr><td>&nbsp;112.<\/td><td>Mitre Adriana<\/td><td>\u0218c. Gim. Bicaz<\/td><\/tr><tr><td>&nbsp;113.<\/td><td>Moldovan Raluca<\/td><td>\u0218c.&nbsp; Gim. \u201eA. Buzura\u201d Copalnic-M\u0103n\u0103stur<\/td><\/tr><tr><td>&nbsp;114.<\/td><td>Moroz Maria<\/td><td>\u0218c. Gim. Ruscova<\/td><\/tr><tr><td>&nbsp;115.<\/td><td>Mure\u0219an Corina<\/td><td>\u0218c. Gim. \u201eN. Iorga\u201d Baia Mare<\/td><\/tr><tr><td>&nbsp;116.<\/td><td>Mure\u0219an Daniela<\/td><td>L.T. \u201eI. Buteanu\u201d \u0218omcuta Mare<\/td><\/tr><tr><td>&nbsp;117.<\/td><td>Mure\u0219an Viorel<\/td><td>\u0218c. Gim. Ardusat<\/td><\/tr><tr><td>&nbsp;118.<\/td><td>Mu\u0219uroia Nicolae<\/td><td>C. N. \u201eGh. \u0218incai\u201d Baia Mare<\/td><\/tr><tr><td>&nbsp;119.<\/td><td>Nagy Anamaria<\/td><td>\u0218c. Gim. \u201eG. Co\u0219buc\u201d Baia Mare<\/td><\/tr><tr><td>&nbsp;120.<\/td><td>Neaga Nadina<\/td><td>\u0218c. Gim. \u201eDr. V. Babe\u015f\u201d Baia Mare<\/td><\/tr><tr><td>&nbsp;121.<\/td><td>Neme\u0219 Ioan<\/td><td>\u0218c. Gim. C\u0103line\u0219ti<\/td><\/tr><tr><td>&nbsp;122.<\/td><td>Nistor Monica<\/td><td>C. N. Pedag. ,,R. Ferdinand\u201d Sighetu Marma\u021biei<\/td><\/tr><tr><td>&nbsp;123.<\/td><td>Oiega\u0219 Rodica<\/td><td>\u0218c. Gim. Nr.18 Baia Mare<\/td><\/tr><tr><td>&nbsp;124.<\/td><td>Onea Natalia<\/td><td>\u0218c. Gim. \u201eM. Sadoveanu\u201d Baia Mare<\/td><\/tr><tr><td>&nbsp;125.<\/td><td>Patraus Maria<\/td><td>\u0218c. Gim. Dese\u0219ti<\/td><\/tr><tr><td>&nbsp;126.<\/td><td>Peter Corina Maria<\/td><td>\u0218c. Gim. S\u0103cel<\/td><\/tr><tr><td>&nbsp;127.<\/td><td>Petric Mihaela<\/td><td>U. T. Cluj-Napoca, Centrul Univ. Nord Baia Mare<\/td><\/tr><tr><td>&nbsp;128.<\/td><td>Petrovai Maria<\/td><td>\u0218c. Gim. \u201eM. Vulc\u0103nescu\u201d B\u00e2rsana<\/td><\/tr><tr><td>&nbsp;129.<\/td><td>Petru\u021biu Crina<\/td><td>C. N. \u201eGh. \u0218incai\u201d Baia Mare<\/td><\/tr><tr><td>&nbsp;130.<\/td><td>Pintea Alina<\/td><td>\u015ec. Gim. \u201eG. Co\u015fbuc\u201d Baia Mare<\/td><\/tr><tr><td>&nbsp;131.<\/td><td>Pi\u0219coran Laurian<\/td><td>U. T. Cluj-Napoca, Centrul Univ. Nord Baia Mare<\/td><\/tr><tr><td>&nbsp;132.<\/td><td>Pitura Casian<\/td><td>L. T. Forestier Sighetu Marma\u021biei<\/td><\/tr><tr><td>&nbsp;133.<\/td><td>Podin\u0103 Alexandra<\/td><td>\u0218c. Gim. B\u0103i\u021ba de Sub Codru<\/td><\/tr><tr><td>&nbsp;134.<\/td><td>Podin\u0103 Camelia<\/td><td>Lic. Teor. \u201eE. Racovi\u021b\u0103\u201d Baia Mare<\/td><\/tr><tr><td>&nbsp;135.<\/td><td>Pop Adina<\/td><td>U. T. Cluj-Napoca, Centrul Univ. Nord Baia Mare<\/td><\/tr><tr><td>&nbsp;136.<\/td><td>Pop (Glodean) \u0218tefania<\/td><td>\u0218c. Gim. G\u00e2rdani<\/td><\/tr><tr><td>&nbsp;137.<\/td><td>Pop Adrian<\/td><td>C. N. \u201eGh. \u0218incai\u201d Baia Mare<\/td><\/tr><tr><td>&nbsp;138.<\/td><td>Pop Adriana Lidia Manuela<\/td><td>\u0218c. Gim. B\u0103se\u0219ti<\/td><\/tr><tr><td>&nbsp;139.<\/td><td>Pop Anca<\/td><td>C. T. \u201eG. Bari\u021biu\u201d Baia Mare<\/td><\/tr><tr><td>&nbsp;140.<\/td><td>Pop Andreea<\/td><td>C. de Arte Baia Mare<\/td><\/tr><tr><td>&nbsp;141.<\/td><td>Pop Camelia<\/td><td>\u0218c. Gim. ,,Al. Ivasiuc\u201d Baia Mare<\/td><\/tr><tr><td>&nbsp;142.<\/td><td>Pop Cosmin<\/td><td>\u0218c. Gim. \u201eA. Iancu\u201d Baia Mare<\/td><\/tr><tr><td>&nbsp;143.<\/td><td>Pop Dumitri\u021ba<\/td><td>\u0218c. Gim. \u201eO. Goga\u201d Baia Mare<\/td><\/tr><tr><td>&nbsp;144.<\/td><td>Pop Gabriel<\/td><td>\u0218c. Gim. Chelin\u021ba<\/td><\/tr><tr><td>&nbsp;145.<\/td><td>Pop Gavril<\/td><td>\u0218c.&nbsp; Gim. \u201eF. Muresanu\u201d Suciu de Sus<\/td><\/tr><tr><td>&nbsp;146.<\/td><td>Pop Ioana<\/td><td>\u0218c. Gim. Stramtura<\/td><\/tr><tr><td>&nbsp;147.<\/td><td>Pop Lavinia<\/td><td>\u0218c. Gim. Vadu Izei<\/td><\/tr><tr><td>&nbsp;148.<\/td><td>Pop Mariana Melania<\/td><td>Lic. Teor. \u201eP. Rare\u0219\u201d T\u00e2rgu L\u0103pu\u0219<\/td><\/tr><tr><td>&nbsp;149.<\/td><td>Pop Monica<\/td><td>\u0218c. Gim. \u201eL. Blaga\u201d F\u0103rca\u0219a<\/td><\/tr><tr><td>&nbsp;150.<\/td><td>Pop Radu<\/td><td>S. T. O. \u201eSf. Iosif M\u0103rturisitorul\u201d&nbsp; Baia Mare<\/td><\/tr><tr><td>&nbsp;151.<\/td><td>Pop Sever<\/td><td>\u0218c. Gim \u201eV. Alecsandri\u201d Baia Mare<\/td><\/tr><tr><td>&nbsp;152.<\/td><td>Pop Toader<\/td><td>C. N. Pedag. ,,R. Ferdinand\u201d Sighetu Marma\u021biei<\/td><\/tr><tr><td>&nbsp;153.<\/td><td>Pu\u021b Liliana<\/td><td>C. N. Pedag. ,,R. Ferdinand\u201d Sighetu Marma\u021biei<\/td><\/tr><tr><td>&nbsp;154.<\/td><td>Roman Edith<\/td><td>\u0218c. Gim. S\u0103p\u00e2n\u021ba<\/td><\/tr><tr><td>&nbsp;155.<\/td><td>Roman Ioana<\/td><td>\u0218c.&nbsp; Gim. \u201eA. Buzura\u201d Copalnic-M\u0103n\u0103stur<\/td><\/tr><tr><td>&nbsp;156.<\/td><td>Roman Mariana<\/td><td>\u0218c. Gim. Vima Mic\u0103<\/td><\/tr><tr><td>&nbsp;157.<\/td><td>Roman Ovidiu<\/td><td>\u0218c. Gim. Vima Mic\u0103<\/td><\/tr><tr><td>&nbsp;158.<\/td><td>Ro\u0219ca Ioan<\/td><td>\u0218c. Gim. \u0218ieu+Botiza<\/td><\/tr><tr><td>&nbsp;159.<\/td><td>Sab\u0103u B\u00e2rle Crina<\/td><td>\u0218c. Gim. \u201eP. Dulfu\u201d Baia Mare<\/td><\/tr><tr><td>&nbsp;160.<\/td><td>Sallai Adriana<\/td><td>L. T. A. \u201eAl. Berinde\u201d Seini<\/td><\/tr><tr><td>&nbsp;161.<\/td><td>Sandu Lucia<\/td><td>C. N. \u201eV. Lucaciu\u201d Baia Mare<\/td><\/tr><tr><td>&nbsp;162.<\/td><td>S\u0103l\u0103jan Raluca<\/td><td>\u0218c. Gim. \u201eV. Alecsandri\u201d Baia Mare<\/td><\/tr><tr><td>&nbsp;163.<\/td><td>Schweighoffer Clara<\/td><td>\u0218c. Gim. \u201eDr. V. Babe\u015f\u201d Baia Mare<\/td><\/tr><tr><td>&nbsp;164.<\/td><td>Seciu Mihaela<\/td><td>C. T. \u201eTransilvania\u201d Baia Mare<\/td><\/tr><tr><td>&nbsp;165.<\/td><td>Simon Ildiko<\/td><td>\u0218c. Gim. Arduzel<\/td><\/tr><tr><td>&nbsp;166.<\/td><td>Stark Andreea<\/td><td>C. T. \u201eA. Saligny\u201d Baia Mare<\/td><\/tr><tr><td>&nbsp;167.<\/td><td>Szerasz Maria<\/td><td>\u0218c. Gim. ,,D. Cantemir\u201d Baia Mare<\/td><\/tr><tr><td>&nbsp;168.<\/td><td>Szony Dora<\/td><td>\u0218c. Gim. S\u0103lsig<\/td><\/tr><tr><td>&nbsp;169.<\/td><td>\u0218andor Ionu\u021b<\/td><td>\u0218c. Gim. ,,Al. Ivasiuc\u201d Baia Mare<\/td><\/tr><tr><td>&nbsp;170.<\/td><td>\u0218erban Palaga<\/td><td>\u0218c. Gim. Ieud<\/td><\/tr><tr><td>&nbsp;171.<\/td><td>\u0218ofrac Maria<\/td><td>C. T. \u201eC.D. Neni\u021bescu\u201d Baia Mare<\/td><\/tr><tr><td>&nbsp;172.<\/td><td>\u0218tefan Valentin<\/td><td>L. T. Forestier Sighetu Marma\u021biei<\/td><\/tr><tr><td>&nbsp;173.<\/td><td>\u0218tiopei Andreea<\/td><td>\u0218c. Gim. Botiza<\/td><\/tr><tr><td>&nbsp;174.<\/td><td>\u0218tiopei Ileana<\/td><td>\u0218c. Gim. \u201eM. Vulc\u0103nescu\u201d B\u00e2rsana<\/td><\/tr><tr><td>&nbsp;175.<\/td><td>Ta\u0219cu Ioana<\/td><td>U. T. Cluj-Napoca, Centrul Univ. Nord Baia Mare<\/td><\/tr><tr><td>&nbsp;176.<\/td><td>Tom\u0219a Magdalena<\/td><td>\u0218c. Gim. Dumbr\u0103vi\u021ba<\/td><\/tr><tr><td>&nbsp;177.<\/td><td>Trifoi Radu<\/td><td>L. T. \u201eMarma\u021bia\u201d SighetuMarma\u021biei<\/td><\/tr><tr><td>&nbsp;178.<\/td><td>Tuns Lucia<\/td><td>L.T. \u201eI. Buteanu\u201d \u0218omcuta Mare<\/td><\/tr><tr><td>&nbsp;179.<\/td><td>\u021aicle Andreea<\/td><td>\u0218c. Gim. \u201eP. Dulfu\u201d Baia Mare<\/td><\/tr><tr><td>&nbsp;180.<\/td><td>Valean Dana<\/td><td>L. T. Forestier Sighetu Marma\u021biei<\/td><\/tr><tr><td>&nbsp;181.<\/td><td>Vele Alexandru<\/td><td>L.&nbsp; T. \u201eG. C. Moisil&#8221; T\u00e2rgu L\u0103pu\u0219<\/td><\/tr><tr><td>&nbsp;182.<\/td><td>Vijdeliuc Mihai<\/td><td>\u0218c. Gim. Str\u00e2mtura<\/td><\/tr><tr><td>&nbsp;183.<\/td><td>Vi\u0219ovan Magdalena<\/td><td>C. N. Pedag. ,,R. Ferdinand\u201d Sighetu Marma\u021biei<\/td><\/tr><tr><td>&nbsp;184.<\/td><td>Vlad Ileana<\/td><td>\u0218c. Gim Bogdan Vod\u0103<\/td><\/tr><tr><td>&nbsp;185.<\/td><td>Vraja Ioan<\/td><td>\u0218c. Gim. Vadu Izei<\/td><\/tr><tr><td>&nbsp;186.<\/td><td>Vraja Lenu\u021ba<\/td><td>\u0218c. Gim. Vadu Izei<\/td><\/tr><tr><td> 187.<\/td><td>Vraja-Lokos Eva Ibolya<\/td><td>Lic. Teor. ,,L. Kl\u00e1ra\u201d Sighetu Marma\u021biei<\/td><\/tr><tr><td>\u00a0188.<\/td><td>Vraja-Lokos Ioan D\u0103nu\u021b<\/td><td>L. T. \u201eMarma\u021bia\u201d SighetuMarma\u021biei<\/td><\/tr><tr><td>\u00a0189.<\/td><td>Zelenszky Tamara<\/td><td>L. T. \u201eMarma\u021bia\u201d SighetuMarma\u021biei<\/td><\/tr><tr><td>\u00a0190.<\/td><td>Zelina Ioana<\/td><td>U. T. Cluj-Napoca, Centrul Univ. Nord Baia Mare<\/td><\/tr><tr><td>\u00a0191.<\/td><td>Zetea Bogdan<\/td><td>\u015ec. Gim. ,,G. Co\u0219buc\u201d Sighetu Marma\u021biei<\/td><\/tr><tr><td>\u00a0192.<\/td><td>Zetea Teodora<\/td><td>\u015ec. Gim. ,,G. Co\u0219buc\u201d Sighetu Marma\u021biei<\/td><\/tr><tr><td>\u00a0193.<\/td><td>Zlampare\u021b Horia<\/td><td>C. N. \u201eV. Lucaciu\u201d Baia Mare<\/td><\/tr><tr><td>\u00a0194.<\/td><td>Zmical\u0103 Codru\u021b Sorin<\/td><td>L. T. \u201eMarma\u021bia\u201d SighetuMarma\u021biei<\/td><\/tr><tr><td>\u00a0195.<\/td><td>Zuba\u0219cu Daniela Ioana<\/td><td>\u0218c. Gim. \u201eL. Rebreanu\u201d Dragomire\u0219ti<\/td><\/tr><\/tbody><\/table><\/figure>\n","protected":false},"excerpt":{"rendered":"<p>Nr. crt. Numele \u0219i prenumele Institu\u0163ia de \u00eenv\u0103\u021b\u0103m\u00e2nt &nbsp;1. Ardelean Codru\u021ba \u0218c. Gim. \u201eAl. I. Cuza\u201d Baia Mare &nbsp;2. Axinte Erika L.T. \u201eI. Buteanu\u201d \u0218omcuta Mare&#46;&#46;&#46;<\/p>\n","protected":false},"author":1,"featured_media":0,"parent":44,"menu_order":2,"comment_status":"closed","ping_status":"closed","template":"","meta":{"ngg_post_thumbnail":0,"footnotes":""},"class_list":["post-278","page","type-page","status-publish","hentry"],"aioseo_notices":[],"_links":{"self":[{"href":"https:\/\/ssmr.cunbm.utcluj.ro\/index.php\/wp-json\/wp\/v2\/pages\/278","targetHints":{"allow":["GET"]}}],"collection":[{"href":"https:\/\/ssmr.cunbm.utcluj.ro\/index.php\/wp-json\/wp\/v2\/pages"}],"about":[{"href":"https:\/\/ssmr.cunbm.utcluj.ro\/index.php\/wp-json\/wp\/v2\/types\/page"}],"author":[{"embeddable":true,"href":"https:\/\/ssmr.cunbm.utcluj.ro\/index.php\/wp-json\/wp\/v2\/users\/1"}],"replies":[{"embeddable":true,"href":"https:\/\/ssmr.cunbm.utcluj.ro\/index.php\/wp-json\/wp\/v2\/comments?post=278"}],"version-history":[{"count":3,"href":"https:\/\/ssmr.cunbm.utcluj.ro\/index.php\/wp-json\/wp\/v2\/pages\/278\/revisions"}],"predecessor-version":[{"id":1218,"href":"https:\/\/ssmr.cunbm.utcluj.ro\/index.php\/wp-json\/wp\/v2\/pages\/278\/revisions\/1218"}],"up":[{"embeddable":true,"href":"https:\/\/ssmr.cunbm.utcluj.ro\/index.php\/wp-json\/wp\/v2\/pages\/44"}],"wp:attachment":[{"href":"https:\/\/ssmr.cunbm.utcluj.ro\/index.php\/wp-json\/wp\/v2\/media?parent=278"}],"curies":[{"name":"wp","href":"https:\/\/api.w.org\/{rel}","templated":true}]}}