{"id":63,"date":"2022-10-31T19:39:14","date_gmt":"2022-10-31T19:39:14","guid":{"rendered":"https:\/\/ssmr.cunbm.utcluj.ro\/?page_id=63"},"modified":"2023-09-27T10:20:00","modified_gmt":"2023-09-27T07:20:00","slug":"membrii-cotizanti-ai-smsmr-filiala-maramures-pe-anul-2021","status":"publish","type":"page","link":"https:\/\/ssmr.cunbm.utcluj.ro\/index.php\/membrii-ai-filialei-maramures-a-ssmr\/membrii-cotizanti-ai-smsmr-filiala-maramures-pe-anul-2021\/","title":{"rendered":"Membri cotizan\u021bi ai SSMR &#8211; Filiala Maramure\u0219 pe anul 2021"},"content":{"rendered":"\n<figure class=\"wp-block-table\"><table><tbody><tr><td><strong>Nr<\/strong>. <strong>crt<\/strong>.<\/td><td><strong>Numele \u0219i prenumele<\/strong><\/td><td><strong>Institu\u021bia de \u00eenv\u0103\u021b\u0103m\u00e2nt<\/strong><\/td><\/tr><tr><td>&nbsp;1.<\/td><td>Alexandrescu Adina<\/td><td>\u0218c. Gim. Cic\u00e2rl\u0103u<\/td><\/tr><tr><td>&nbsp;2.<\/td><td>Andreica Gheorghe<\/td><td>\u0218c. profesional\u0103 Vi\u0219eu de Sus<\/td><\/tr><tr><td>&nbsp;3.<\/td><td>Ardelean Codru\u021ba<\/td><td>\u0218c. Gim. \u201eAl. I. Cuza\u201d Baia Mare<\/td><\/tr><tr><td>&nbsp;4.<\/td><td>Ardelean Gheorghe<\/td><td>U. T. Cluj-Napoca, Centrul Univ. Nord Baia Mare<\/td><\/tr><tr><td>&nbsp;5.<\/td><td>Axinte Erika<\/td><td>L. T. \u201eI. Buteanu\u201d \u0218omcuta Mare<\/td><\/tr><tr><td>&nbsp;6.<\/td><td>Balogh Erika<\/td><td>C. T. \u201eC. D. Neni\u021bescu\u201d Baia Mare<\/td><\/tr><tr><td>&nbsp;7.<\/td><td>Barbur Simona<\/td><td>\u0218c. Gim. \u201eV. Alecsandri\u201d Baia Mare<\/td><\/tr><tr><td>&nbsp;8.<\/td><td>B\u0103rbosu Dan<\/td><td>U. T. Cluj-Napoca, Centrul Univ. Nord Baia Mare<\/td><\/tr><tr><td>&nbsp;9.<\/td><td>B\u00e2rle Crina<\/td><td>\u0218c. Gim \u201eP. Dulfu\u201d Baia Mare<\/td><\/tr><tr><td>&nbsp;10.<\/td><td>B\u00e2rsan Irina<\/td><td>C. de Arte Baia Mare<\/td><\/tr><tr><td>&nbsp;11.<\/td><td>Bedeoan Loredana<\/td><td>C. N. ,,D. Vod\u0103\u201d Sighetu Marma\u021biei<\/td><\/tr><tr><td>&nbsp;12.<\/td><td>Berinde Lia<\/td><td>C. T. ,,Transilvania\u201d Baia Mare<\/td><\/tr><tr><td>&nbsp;13.<\/td><td>Berinde Vasile<\/td><td>U. T. Cluj-Napoca, Centrul Univ. Nord Baia Mare<\/td><\/tr><tr><td>&nbsp;14.<\/td><td>Berindea Vasile<\/td><td>\u0218c. Gim.&nbsp; Bude\u0219ti<\/td><\/tr><tr><td>&nbsp;15.<\/td><td>Bob Robert<\/td><td>C. N. \u201eGh. \u0218incai\u201d Baia Mare<\/td><\/tr><tr><td>&nbsp;16.<\/td><td>Bobb Ovidiu<\/td><td>\u0218c. Gim. Copalnic M\u0103n\u0103\u0219tur<\/td><\/tr><tr><td>&nbsp;17.<\/td><td>Boga Ovidiu<\/td><td>L. T. \u201eGr. C. Moisil\u201d Tg. L\u0103pu\u0219<\/td><\/tr><tr><td>&nbsp;18.<\/td><td>Boico Serghei<\/td><td>L. T. Poienile de sub Munte<\/td><\/tr><tr><td>&nbsp;19.<\/td><td>Bojor Florin<\/td><td>C. N. \u201eGh. \u015eincai\u201d Baia Mare<\/td><\/tr><tr><td>&nbsp;20.<\/td><td>Bojor Meda<\/td><td>C. N. \u201eGh. \u015eincai\u201d Baia Mare<\/td><\/tr><tr><td>&nbsp;21.<\/td><td>Bologa Monica<\/td><td>S. T. O. \u201eSf. Iosif M\u0103rturisitorul\u201d&nbsp; Baia Mare<\/td><\/tr><tr><td>&nbsp;22.<\/td><td>Borodi&nbsp; Elena<\/td><td>\u0218c. Gim. Bogdan-Vod\u0103<\/td><\/tr><tr><td>&nbsp;23.<\/td><td>Borodi&nbsp; Virgil<\/td><td>\u0218c. Gim. \u0218ieu<\/td><\/tr><tr><td>&nbsp;24.<\/td><td>Boroica Gabriela<\/td><td>C. N. \u201eV. Lucaciu\u201d Baia Mare<\/td><\/tr><tr><td>&nbsp;25.<\/td><td>Boroica Gheorghe<\/td><td>C. N. \u201eGh. \u015eincai\u201d Baia Mare<\/td><\/tr><tr><td>&nbsp;26.<\/td><td>Borota Ovidiu<\/td><td>\u0218c. Gim. Cerne\u0219ti<\/td><\/tr><tr><td>&nbsp;27.<\/td><td>Bor\u0219a Raul<\/td><td>C. Ec. ,,N. Titulescu\u201d Baia Mare<\/td><\/tr><tr><td>&nbsp;28.<\/td><td>Botizan Florica<\/td><td>\u0218c. Gim. Nr. 2 Sighetu Marma\u021biei<\/td><\/tr><tr><td>&nbsp;29.<\/td><td>Breitkopf Marieta<\/td><td>\u0218c. Gim. \u201eN. St\u0103nescu\u201d Baia Mare<\/td><\/tr><tr><td>&nbsp;30.<\/td><td>Bretan Andrei<\/td><td>C. N. \u201eV. Lucaciu\u201d Baia Mare<\/td><\/tr><tr><td>&nbsp;31.<\/td><td>Brisc Viorica<\/td><td>Lic. Teor. \u201eE. Racovi\u021b\u0103\u201d Baia Mare<\/td><\/tr><tr><td>&nbsp;32.<\/td><td>Buda Gabriel<\/td><td>L. T. Repedea<\/td><\/tr><tr><td>&nbsp;33.<\/td><td>Bude Andreea<\/td><td>\u0218c. Gim. \u201eV. Babe\u0219\u201d Baia Mare<\/td><\/tr><tr><td>&nbsp;34.<\/td><td>Bunu Iulian<\/td><td>C. de Arte Baia Mare<\/td><\/tr><tr><td>&nbsp;35.<\/td><td>Burzo Maria<\/td><td>L. T. \u201eGr. C. Moisil\u201d T\u00e2rgu L\u0103pu\u0219<\/td><\/tr><tr><td>&nbsp;36.<\/td><td>Burzo Olimpia<\/td><td>\u0218c. Gim. Suciu de Sus<\/td><\/tr><tr><td>&nbsp;37.<\/td><td>Buzil\u0103-G\u00e2rda Cristian<\/td><td>\u015ec. Gim. \u201eG. Co\u015fbuc\u201d Baia Mare<\/td><\/tr><tr><td>&nbsp;38.<\/td><td>Cadar Maria<\/td><td>\u0218c. Gim. \u201eO. Goga\u201d Baia Mare<\/td><\/tr><tr><td>&nbsp;39.<\/td><td>Caltea Amalia<\/td><td>\u0218c. Gim. \u201eAl. I. Cuza\u201d Baia Mare<\/td><\/tr><tr><td>&nbsp;40.<\/td><td>C\u00e2mpan Florin<\/td><td>\u0218c. Gim. \u201eA. Iancu\u201d Baia Mare<\/td><\/tr><tr><td>&nbsp;41.<\/td><td>C\u00e2mpean Gabriela<\/td><td>\u0218c. Gim. \u201eG. Co\u0219buc\u201d Baia Mare<\/td><\/tr><tr><td>&nbsp;42.<\/td><td>Chende Paula<\/td><td>\u0218c. Gim. \u201eG. Co\u0219buc\u201d Baia Mare<\/td><\/tr><tr><td>&nbsp;43.<\/td><td>Chindri\u0219 Filip Laz\u0103r<\/td><td>Lic. Bor\u0219a<\/td><\/tr><tr><td>&nbsp;44.<\/td><td>Chindri\u0219 Mihai<\/td><td>\u0218c. Gim. Nr.7 Vi\u0219eu de Sus<\/td><\/tr><tr><td>&nbsp;45.<\/td><td>Chiorean Adela<\/td><td>\u0218c. Gim. \u201eG. Co\u0219buc\u201d Baia Mare<\/td><\/tr><tr><td>&nbsp;46.<\/td><td>Chira Mihaela<\/td><td>U.T.Cluj-Napoca, Centrul Univ. Nord Baia Mare<\/td><\/tr><tr><td>&nbsp;47.<\/td><td>Chi\u0219 Maria-Marioara<\/td><td>\u0218c. Gim. \u201eM. Eminescu\u201d S\u0103li\u0219tea de Sus<\/td><\/tr><tr><td>&nbsp;48.<\/td><td>Chi\u0219 Vasile<\/td><td>\u0218c. Gim. \u201eM. Eminescu\u201d S\u0103li\u0219tea de Sus<\/td><\/tr><tr><td>&nbsp;49.<\/td><td>Cioclu Costel<\/td><td>pensionar<\/td><\/tr><tr><td>&nbsp;50.<\/td><td>Ciupe Liliana<\/td><td>\u0218c. Gim. B\u0103iu\u021b<\/td><\/tr><tr><td>&nbsp;51.<\/td><td>Codrea Ioana<\/td><td>\u0218c. Gim. ,, L. Blaga\u201d Baia Mare<\/td><\/tr><tr><td>&nbsp;52.<\/td><td>Coman Elena<\/td><td>\u015ec. Gim. Nr. 4 Bor\u0219a<\/td><\/tr><tr><td>&nbsp;53.<\/td><td>Coman Ioana<\/td><td>\u0218c. Gim. \u201eD. Vod\u0103\u201d Moisei<\/td><\/tr><tr><td>&nbsp;54.<\/td><td>Cora Irina<\/td><td>\u0218c. Gim. \u201eDr. Ilie Laz\u0103r\u201d Giule\u0219ti<\/td><\/tr><tr><td>&nbsp;55.<\/td><td>Corui Georgiana<\/td><td>\u0218c. Gim. Nr.18 Baia Mare<\/td><\/tr><tr><td>&nbsp;56.<\/td><td>Cosma Ovidiu<\/td><td>U. T. Cluj-Napoca, Centrul Univ. Nord Baia Mare<\/td><\/tr><tr><td>&nbsp;57.<\/td><td>Cosma Simona<\/td><td>\u0218c. Gim. Nr.18 Baia Mare<\/td><\/tr><tr><td>&nbsp;58.<\/td><td>Cote\u021b Ioan<\/td><td>Lic. Teor. \u201eI. Buteanu\u201d \u0218omcuta Mare<\/td><\/tr><tr><td>&nbsp;59.<\/td><td>Co\u021bofan Olivia<\/td><td>\u0218c. Gim. Copalnic M\u0103n\u0103\u0219tur<\/td><\/tr><tr><td>&nbsp;60.<\/td><td>Covaci Vaselina<\/td><td>L. T. Ruscova<\/td><\/tr><tr><td>&nbsp;61.<\/td><td>Covaciu Traian<\/td><td>C. N. \u201eV. Lucaciu\u201d Baia Mare<\/td><\/tr><tr><td>&nbsp;62.<\/td><td>Cr\u0103ciun Lucia<\/td><td>\u0218c. Gim. Cerne\u0219ti<\/td><\/tr><tr><td>&nbsp;63.<\/td><td>Cup\u0219a Adriana Daniela<\/td><td>L. T. ,,Grigore C. Moisil\u201d Tg. L\u0103pu\u0219<\/td><\/tr><tr><td>&nbsp;64.<\/td><td>Dale Camelia<\/td><td>C. T. ,,Transilvania\u201d Baia Mare<\/td><\/tr><tr><td>&nbsp;65.<\/td><td>Darol\u021bi Erika<\/td><td>C. N. \u201eV. Lucaciu\u201d Baia Mare<\/td><\/tr><tr><td>&nbsp;66.<\/td><td>Deac Maria<\/td><td>\u015ec. Gim. C\u00e2mpulung la Tisa<\/td><\/tr><tr><td>&nbsp;67.<\/td><td>Dembrovski Carol<\/td><td>\u015ec. Gim. C\u00e2mpulung la Tisa<\/td><\/tr><tr><td>&nbsp;68.<\/td><td>Dobrican Melania<\/td><td>C. Ec. \u201ePintea Viteazul\u201d Cavnic<\/td><\/tr><tr><td>&nbsp;69.<\/td><td>Drago\u0219 Simida<\/td><td>C. T. \u201eA. Vlaicu\u201d Baia Mare<\/td><\/tr><tr><td>&nbsp;70.<\/td><td>Dr\u0103goi Costel<\/td><td>\u015ec. Gim. Reme\u021bi<\/td><\/tr><tr><td>&nbsp;71.<\/td><td>Erdei Mariana<\/td><td>\u0218c. Gim. ,,D. Cantemir\u201d Baia Mare<\/td><\/tr><tr><td>&nbsp;72.<\/td><td>F\u0103n\u0103\u021bean Teofil<\/td><td>\u015ec. Gim. \u201eG. Co\u015fbuc\u201d Baia Mare<\/td><\/tr><tr><td>&nbsp;73.<\/td><td>F\u0103rca\u015f Natalia<\/td><td>C. N. \u201eV. Lucaciu\u201d Baia Mare<\/td><\/tr><tr><td>&nbsp;74.<\/td><td>Filip Nicu<\/td><td>\u0218c. Gim. L\u0103pu\u0219<\/td><\/tr><tr><td>&nbsp;75.<\/td><td>Florea Elena-Livia<\/td><td>\u0218c. Gim. Nr. 1 Str\u00e2mtura<\/td><\/tr><tr><td>&nbsp;76.<\/td><td>Friedrich Gabriela<\/td><td>C. Ec. ,,N. Titulescu\u201d Baia Mare<\/td><\/tr><tr><td>&nbsp;77.<\/td><td>Gavrila\u0219 Emilia<\/td><td>Lic. Teor. \u201eP. Rare\u0219\u201d T\u00e2rgu L\u0103pu\u0219<\/td><\/tr><tr><td>&nbsp;78.<\/td><td>Gherghel Ioana<\/td><td>\u015ec. Gim. Cerne\u0219ti<\/td><\/tr><tr><td>&nbsp;79.<\/td><td>Giurgi Vasile<\/td><td>C. N. ,,D. Vod\u0103\u201d Sighetu Marma\u021biei<\/td><\/tr><tr><td>&nbsp;80.<\/td><td>Glodean Vasile<\/td><td>Lic. Pedag. ,,T. \u0218evcenko\u201d Sighetu Marma\u021biei<\/td><\/tr><tr><td>&nbsp;81.<\/td><td>Godja Florica<\/td><td>\u0218c. Gim. ,,M. Vulc\u0103nescu\u201d B\u00eersana<\/td><\/tr><tr><td>&nbsp;82.<\/td><td>Godja Melania<\/td><td>\u0218c. Gim.&nbsp; C\u0103line\u0219ti<\/td><\/tr><tr><td>&nbsp;83.<\/td><td>Godja Vasile<\/td><td>Lic. Tehn. ,,O. Goga\u201d, Rozavlea<\/td><\/tr><tr><td>&nbsp;84.<\/td><td>Grigor Mihai<\/td><td>L. T. \u201eMarma\u021bia\u201d Sighetu Marma\u021biei<\/td><\/tr><tr><td>&nbsp;85.<\/td><td>Heuberger Cristian<\/td><td>C. N. \u201eV. Lucaciu\u201d Baia Mare<\/td><\/tr><tr><td>&nbsp;86.<\/td><td>Heuberger Dana<\/td><td>C. N. \u201eV. Lucaciu\u201d Baia Mare<\/td><\/tr><tr><td>&nbsp;87.<\/td><td>Horge Daniel<\/td><td>C.T. \u201eG. Bari\u021biu\u201d Baia Mare<\/td><\/tr><tr><td>&nbsp;88.<\/td><td>Horge Marinela<\/td><td>C. T. \u201eC. D. Neni\u021bescu\u201d Baia Mare<\/td><\/tr><tr><td>&nbsp;89.<\/td><td>Horotan Aura<\/td><td>\u015ec. Gim. Nr.18 Baia Mare<\/td><\/tr><tr><td>&nbsp;90.<\/td><td>Horvat-Marc Andrei<\/td><td>U. T. Cluj-Napoca, Centrul Univ. Nord Baia Mare<\/td><\/tr><tr><td>&nbsp;91.<\/td><td>Hossu C\u0103lin<\/td><td>\u0218c. Gim. \u201eD. Cantemir\u201d Baia Mare<\/td><\/tr><tr><td>&nbsp;92.<\/td><td>Iavarovschi Alina-Diana<\/td><td>L. T. Poienile de sub Munte<\/td><\/tr><tr><td>&nbsp;93.<\/td><td>Iepan Daniel<\/td><td>L.T. \u201eMarma\u021bia\u201d Sighetu Marma\u021biei<\/td><\/tr><tr><td>&nbsp;94.<\/td><td>Iona\u0219 Mirela<\/td><td>Lic. Teor. \u201eP. Rare\u0219\u201d T\u00e2rgu L\u0103pu\u0219<\/td><\/tr><tr><td>&nbsp;95.<\/td><td>Kalisch Maria<\/td><td>\u0218c. Gim. \u201eO.Goga\u201d Baia Mare<\/td><\/tr><tr><td>&nbsp;96.<\/td><td>Konyicsha Iudita<\/td><td>\u0218c. Gim. G\u00e2rdani<\/td><\/tr><tr><td>&nbsp;97.<\/td><td>Lauran Monica<\/td><td>U. T. Cluj-Napoca, Centrul Univ. Nord Baia Mare<\/td><\/tr><tr><td>&nbsp;98.<\/td><td>Lazarciuc Maria Ramona<\/td><td>\u0218c. Gim. Nr. 2 Sighetu Marma\u021biei<\/td><\/tr><tr><td>&nbsp;99.<\/td><td>Leo Martin<\/td><td>L. T. \u201eP. Rare\u0219\u201d Tg. L\u0103pu\u0219<\/td><\/tr><tr><td>&nbsp;100.<\/td><td>Le\u0219e Tudor<\/td><td>Lic. Teor. \u201eP. Rare\u0219\u201d T\u00e2rgu L\u0103pu\u0219<\/td><\/tr><tr><td>&nbsp;101.<\/td><td>Lopat\u0103 Angela<\/td><td>\u0218c. Gim. ,, L. Blaga\u201d F\u0103rca\u0219a<\/td><\/tr><tr><td>&nbsp;102.<\/td><td>Lupu Monica<\/td><td>\u0218c. Gim. ,, L. Blaga\u201d Baia Mare<\/td><\/tr><tr><td>&nbsp;103.<\/td><td>Luscalov Mariana Tanea<\/td><td>\u0218c. Gim. Nr.1 Sighetu Marma\u021biei<\/td><\/tr><tr><td>&nbsp;104.<\/td><td>Marinescu Felicia<\/td><td>L. T. \u201eI. Buteanu\u201d \u0218omcuta Mare<\/td><\/tr><tr><td>&nbsp;105.<\/td><td>Mari\u015f Nicolae<\/td><td>\u0218c. Gim. Nr. 8 Bor\u015fa<\/td><\/tr><tr><td>&nbsp;106.<\/td><td>Micu C\u0103lin<\/td><td>Lic. Teor. \u201eP. Rare\u0219\u201d T\u00e2rgu L\u0103pu\u0219<\/td><\/tr><tr><td>&nbsp;107.<\/td><td>Miculaiciuc Maria<\/td><td>\u0218c. Nr.4 Poienile de sub Munte<\/td><\/tr><tr><td>&nbsp;108.<\/td><td>Mihalca Cristina<\/td><td>\u015ec. Gim. \u201eN. St\u0103nescu\u201d Baia Mare<\/td><\/tr><tr><td>&nbsp;109.<\/td><td>Mihalca Floare<\/td><td>\u0218c. Gim. \u201eDr. I. Mihaly de Ap\u0219a\u201d Sighetu Marma\u021biei<\/td><\/tr><tr><td>&nbsp;110.<\/td><td>Mihali Marinela<\/td><td>Lic. Bor\u0219a<\/td><\/tr><tr><td>&nbsp;111.<\/td><td>Miholca Veronica<\/td><td>\u015ec. Gim. Gro\u015fii \u0162ible\u015fului<\/td><\/tr><tr><td>&nbsp;112.<\/td><td>Mihu (Mihai) Amalia<\/td><td>C. N. ,,D. Vod\u0103\u201d Sighetu Marma\u021biei<\/td><\/tr><tr><td>&nbsp;113.<\/td><td>Minghira\u0219 Camelia<\/td><td>\u0218c. Gim. \u201eG. Co\u0219buc\u201d Baia Mare<\/td><\/tr><tr><td>&nbsp;114.<\/td><td>Mitre Adriana<\/td><td>\u0218c. Gim. Bicaz<\/td><\/tr><tr><td>&nbsp;115.<\/td><td>Moan\u021b\u0103 Anamaria<\/td><td>\u0218c. Gim. ,,N. Iorga\u201d Baia Mare<\/td><\/tr><tr><td>&nbsp;116.<\/td><td>Moldovan Raluca<\/td><td>\u0218c. Gim. Copalnic M\u0103n\u0103\u0219tur<\/td><\/tr><tr><td>&nbsp;117.<\/td><td>Moroz Maria<\/td><td>L. T. Ruscova<\/td><\/tr><tr><td>&nbsp;118.<\/td><td>Mure\u0219an Corina<\/td><td>\u015ec. Gim. \u201eN. Iorga\u201d Baia Mare<\/td><\/tr><tr><td>&nbsp;119.<\/td><td>Mure\u0219an Daniela<\/td><td>L. T. \u201eI. Buteanu\u201d Somcuta Mare<\/td><\/tr><tr><td>&nbsp;120.<\/td><td>Mure\u0219an Smaranda<\/td><td>\u0218c. Gim. Finteu\u0219u Mic<\/td><\/tr><tr><td>&nbsp;121.<\/td><td>Mure\u0219an Teodora<\/td><td>L. T. A. \u201eA. Berinde\u201d Seini<\/td><\/tr><tr><td>&nbsp;122.<\/td><td>Mure\u0219an Viorel<\/td><td>\u0218c. Gim. Ardusat<\/td><\/tr><tr><td>&nbsp;123.<\/td><td>Mu\u015furoia Nicolae<\/td><td>C. N. \u201eGh. \u015eincai\u201d Baia Mare<\/td><\/tr><tr><td>&nbsp;124.<\/td><td>Nagy Anamaria<\/td><td>\u0218c. Gim. \u201eG. Co\u0219buc\u201d Baia Mare<\/td><\/tr><tr><td>&nbsp;125.<\/td><td>N\u0103sui Ani\u0219oara<\/td><td>\u0218c. Gim. Nr.7 Bor\u0219a<\/td><\/tr><tr><td>&nbsp;126.<\/td><td>N\u0103sui Mara<\/td><td>\u0218c. Gim. Nr.7 Vi\u0219eu de Sus<\/td><\/tr><tr><td>&nbsp;127.<\/td><td>Neaga Nadina<\/td><td>\u0218c. Gim. \u201eDr. V. Babe\u015f\u201d Baia Mare<\/td><\/tr><tr><td>&nbsp;128.<\/td><td>Neme\u0219 Ioan<\/td><td>\u0218c. Gim. C\u0103line\u0219ti<\/td><\/tr><tr><td>&nbsp;129.<\/td><td>Nistor Monica<\/td><td>Lic. Pedag. ,,R. Ferdinand\u201d Sighetu Marma\u021biei<\/td><\/tr><tr><td>&nbsp;130.<\/td><td>Oiega\u0219 Rodica<\/td><td>\u0218c. Gim. Nr.18 Baia Mare<\/td><\/tr><tr><td>&nbsp;131.<\/td><td>Onea Natalia<\/td><td>\u0218c. Gim. \u201eM. Sadoveanu\u201d Baia Mare<\/td><\/tr><tr><td>&nbsp;132.<\/td><td>Pantlik Iosif<\/td><td>Lic. Teor. \u201eB. Vod\u0103\u201d Vi\u0219eu de Sus<\/td><\/tr><tr><td>&nbsp;133.<\/td><td>Pascu Gheorghe<\/td><td>Lic. Teor. \u201eB. Vod\u0103\u201d Vi\u0219eu de Sus<\/td><\/tr><tr><td>&nbsp;134.<\/td><td>P\u0103linca\u0219 Dumitri\u021ba<\/td><td>\u0218c. Gim. Copalnic M\u0103n\u0103\u0219tur<\/td><\/tr><tr><td>&nbsp;135.<\/td><td>Peter Corina Maria<\/td><td>\u0218c. Gim. S\u0103cel<\/td><\/tr><tr><td>&nbsp;136.<\/td><td>Petrovai Maria<\/td><td>\u0218c. Gim ,,M. Vulc\u0103nescu\u201d B\u00eersana<\/td><\/tr><tr><td>&nbsp;137.<\/td><td>Petru\u0163iu Crina<\/td><td>C. N. \u201eGh. \u015eincai\u201d Baia Mare<\/td><\/tr><tr><td>&nbsp;138.<\/td><td>Pintea Ioan<\/td><td>Lic. Bor\u0219a<\/td><\/tr><tr><td>&nbsp;139.<\/td><td>Pisuc Teodora<\/td><td>\u0218c. Gim. \u201eG. Co\u0219buc\u201d Sighetu Marma\u021biei<\/td><\/tr><tr><td>&nbsp;140.<\/td><td>Pi\u0219coran Laurian<\/td><td>U. T. Cluj-Napoca, Centrul Univ. Nord Baia Mare<\/td><\/tr><tr><td>&nbsp;141.<\/td><td>Pi\u021bura Casian Vasile<\/td><td>L. T. \u201eForestier\u201d Sighetu Marma\u021biei<\/td><\/tr><tr><td>&nbsp;142.<\/td><td>Podin\u0103 Alexandra<\/td><td>\u0218c. Gim. B\u0103i\u0163a de sub Codru<\/td><\/tr><tr><td>&nbsp;143.<\/td><td>Podin\u0103 Camelia<\/td><td>Lic. Teor. \u201eE. Racovi\u021b\u0103\u201d Baia Mare<\/td><\/tr><tr><td>&nbsp;144.<\/td><td>Pop&nbsp; Ioana<\/td><td>\u0218c. Gim.&nbsp; Botiza<\/td><\/tr><tr><td>&nbsp;145.<\/td><td>Pop Adela<\/td><td>S. T. \u201eSf. Iosif M\u0103rturisitorul\u201d&nbsp; Baia Mare<\/td><\/tr><tr><td>&nbsp;146.<\/td><td>Pop Adina<\/td><td>U. T. Cluj-Napoca, Centrul Univ. Nord Baia Mare<\/td><\/tr><tr><td>&nbsp;147.<\/td><td>Pop Adrian<\/td><td>C. N. \u201eGh. \u015eincai\u201d Baia Mare<\/td><\/tr><tr><td>&nbsp;148.<\/td><td>Pop Adriana<\/td><td>\u0218c. Gim. \u201eG. Co\u0219buc\u201d Baia Mare<\/td><\/tr><tr><td>&nbsp;149.<\/td><td>Pop Adriana<\/td><td>\u0218c. Gim. B\u0103se\u0219ti<\/td><\/tr><tr><td>&nbsp;150.<\/td><td>Pop Anca<\/td><td>C. T. \u201eG. Bari\u021biu\u201d Baia Mare<\/td><\/tr><tr><td>&nbsp;151.<\/td><td>Pop Andreea<\/td><td>C. de Arte Baia Mare<\/td><\/tr><tr><td>&nbsp;152.<\/td><td>Pop Cosmin<\/td><td>\u0218c. Gim. \u201eA. Iancu\u201d Baia Mare<\/td><\/tr><tr><td>&nbsp;153.<\/td><td>Pop Gabriel<\/td><td>\u0218c. Gim. Chelin\u021ba<\/td><\/tr><tr><td>&nbsp;154.<\/td><td>Pop Gavril<\/td><td>\u0218c. Gim. Suciu de Sus<\/td><\/tr><tr><td>&nbsp;155.<\/td><td>Pop Livia<\/td><td>\u0218c. Gim. \u201eD. Vod\u0103\u201d Moisei<\/td><\/tr><tr><td>&nbsp;156.<\/td><td>Pop Mariana<\/td><td>Lic. Teor. \u201eP. Rare\u0219\u201d T\u00e2rgu L\u0103pu\u0219<\/td><\/tr><tr><td>&nbsp;157.<\/td><td>Pop Monica<\/td><td>\u0218c. Gim. \u201eL. Blaga\u201d F\u0103rca\u0219a<\/td><\/tr><tr><td>&nbsp;158.<\/td><td>Pop Ovidiu<\/td><td>C. N. \u201eD. Vod\u0103\u201d Sighetu Marma\u021biei<\/td><\/tr><tr><td>&nbsp;159.<\/td><td>Pop Radu<\/td><td>S. T. O. \u201eSf. Iosif M\u0103rturisitorul\u201d&nbsp; Baia Mare<\/td><\/tr><tr><td>&nbsp;160.<\/td><td>Pop Sever<\/td><td>\u0218c. Gim. \u201eV. Alecsandri\u201d Baia Mare<\/td><\/tr><tr><td>&nbsp;161.<\/td><td>Pop Toader<\/td><td>Lic. Pedag. ,,R. Ferdinand\u201d Sighetu Marma\u021biei<\/td><\/tr><tr><td>&nbsp;162.<\/td><td>Popovic Ioana<\/td><td>\u0218c. Gim. ,, L. Blaga\u201d Baia Mare<\/td><\/tr><tr><td>&nbsp;163.<\/td><td>Pu\u0163 Liliana Ivana<\/td><td>Lic. Pedag. ,,R. Ferdinand\u201d Sighetu Marma\u021biei<\/td><\/tr><tr><td>&nbsp;164.<\/td><td>Rad Daniel<\/td><td>Lic. Teor. \u201eB. Vod\u0103\u201d Vi\u0219eu de Sus<\/td><\/tr><tr><td>&nbsp;165.<\/td><td>Rego\u0219 Adriana-Nata\u0219a<\/td><td>\u0218c. Gim.&nbsp; Poienile Izei<\/td><\/tr><tr><td>&nbsp;166.<\/td><td>Roman Marinela<\/td><td>\u0218c. Gim. Copalnic M\u0103n\u0103\u0219tur<\/td><\/tr><tr><td>&nbsp;167.<\/td><td>Ro\u0219ca Ioan<\/td><td>\u0218c. Gim. Poienile Izei<\/td><\/tr><tr><td>&nbsp;168.<\/td><td>Rus&nbsp; Veronica<\/td><td>\u0218c. Gim.&nbsp; Once\u0219ti<\/td><\/tr><tr><td>&nbsp;169.<\/td><td>Sallai Adriana<\/td><td>L. T. A. ,,Al. Berinde\u201d Seini<\/td><\/tr><tr><td>&nbsp;170.<\/td><td>Sandu Lucia<\/td><td>C. Ec. \u201eN. Titulescu\u201d Baia Mare<\/td><\/tr><tr><td>&nbsp;171<\/td><td>S\u0103l\u0103jan Raluca<\/td><td>\u0218c. Gim. ,,V. Alecsandri\u201d Baia Mare<\/td><\/tr><tr><td>&nbsp;172.<\/td><td>S\u0103p\u00eeian Camelia Ramelia<\/td><td>\u0218c. Gim. \u201eAl. I. Cuza\u201d Baia Mare<\/td><\/tr><tr><td>&nbsp;173.<\/td><td>Schweighoffer Clara<\/td><td>\u0218c. Gim. \u201eDr. V. Babe\u015f\u201d Baia Mare<\/td><\/tr><tr><td>&nbsp;174.<\/td><td>Seciu Mihaela<\/td><td>C. T. ,,Transilvania\u201d Baia Mare<\/td><\/tr><tr><td>&nbsp;175.<\/td><td>Simon Ildiko<\/td><td>\u0218c. Gim. Arduzel<\/td><\/tr><tr><td>&nbsp;176.<\/td><td>Stiopei Ileana<\/td><td>\u0218c. Gim. ,,M. Vulcanescu\u201d B\u00eersana<\/td><\/tr><tr><td>&nbsp;177.<\/td><td>Szerasz Maria<\/td><td>\u0218c. Gim. ,,D. Cantemir\u201d Baia Mare<\/td><\/tr><tr><td>&nbsp;178.<\/td><td>Szony Dora<\/td><td>\u0218c. Gim. S\u0103lsig<\/td><\/tr><tr><td>&nbsp;179.<\/td><td>\u0218erban Palaga<\/td><td>\u0218c. Gim.&nbsp; Ieud<\/td><\/tr><tr><td>&nbsp;180.<\/td><td>\u0218ofrac Maria<\/td><td>C. T. \u201eC. D. Neni\u021bescu\u201d Baia Mare<\/td><\/tr><tr><td>&nbsp;181.<\/td><td>\u0218tefan Valentin<\/td><td>L. T. \u201eForestier\u201d Sighetu Marma\u021biei<\/td><\/tr><tr><td>&nbsp;182.<\/td><td>\u0218teopei Andreea<\/td><td>\u0218c. Gim. Bogdan Vod\u0103<\/td><\/tr><tr><td>&nbsp;183.<\/td><td>\u0218te\u021bcu Mia Ioana<\/td><td>\u015ec. Gim. Nr. 1 Moisei<\/td><\/tr><tr><td>&nbsp;184.<\/td><td>Tak\u00e1cs Attila<\/td><td>Lic. Teor. ,,L. Kl\u00e1ra\u201d Sighetu Marma\u021biei<\/td><\/tr><tr><td>&nbsp;185.<\/td><td>T\u0103r\u0103u Rodica<\/td><td>Lic. Penticostal Baia Mare<\/td><\/tr><tr><td>&nbsp;186.<\/td><td>Timi\u0219 Lenu\u021ba<\/td><td>Lic. Bor\u0219a<\/td><\/tr><tr><td>&nbsp;187.<\/td><td>Tivadar Cornel<\/td><td>C. N. ,,D. Vod\u0103\u201d Sighetu Marma\u021biei<\/td><\/tr><tr><td>&nbsp;188.<\/td><td>Tomoiag\u0103 Ana<\/td><td>L. T. Poienile de sub Munte<\/td><\/tr><tr><td>&nbsp;189.<\/td><td>Tomoiag\u0103 Ioan<\/td><td>\u0218c. Gim. Vi\u0219eu de Jos<\/td><\/tr><tr><td>&nbsp;190.<\/td><td>Trifoi Radu<\/td><td>L. T. \u201eMarma\u021bia\u201d Sighetu Marma\u021biei<\/td><\/tr><tr><td>&nbsp;191.<\/td><td>Trifoi Silviu<\/td><td>\u015ec. Gim. Nr.5 Sighetu Marma\u021biei<\/td><\/tr><tr><td>&nbsp;192.<\/td><td>Tuns Lucia<\/td><td>L. T. \u201eI. Buteanu\u201dSomcuta Mare<\/td><\/tr><tr><td>&nbsp;193.<\/td><td>\u021aical\u0103 Cristina<\/td><td>U. T. Cluj-Napoca, Centrul Univ. Nord Baia Mare<\/td><\/tr><tr><td>&nbsp;194.<\/td><td>\u021aical\u0103 Lenu\u021ba<\/td><td>Lic. Bor\u0219a<\/td><\/tr><tr><td>&nbsp;195.<\/td><td>\u021aicle Angela<\/td><td>Lic. Penticostal Baia Mare<\/td><\/tr><tr><td>&nbsp;196.<\/td><td>\u021aicle Crina<\/td><td>\u0218c. Gim. \u201eP. Dulfu\u201d Baia Mare<\/td><\/tr><tr><td>&nbsp;197.<\/td><td>V\u0103lean Lucia Dana<\/td><td>L. T. Forestier Sighetu Marma\u021biei<\/td><\/tr><tr><td>&nbsp;198.<\/td><td>V\u0103lean Mihaela<\/td><td>\u0218c. Gim. ,, L. Blaga\u201d Baia Mare<\/td><\/tr><tr><td>&nbsp;199.<\/td><td>Vele Alexandru<\/td><td>L. T. \u201eGr. C. Moisil\u201d T\u00e2rgu L\u0103pu\u0219<\/td><\/tr><tr><td>&nbsp;200.<\/td><td>Vesel-Pop Floare Ioana<\/td><td>Lic. Teor. \u201eB. Vod\u0103\u201d Vi\u0219eu de Sus<\/td><\/tr><tr><td>&nbsp;201.<\/td><td>Vijdeliuc Mihai<\/td><td>\u0218c. Gim. Str\u0103mtura<\/td><\/tr><tr><td>&nbsp;202.<\/td><td>Vi\u015fovan Magdalena<\/td><td>Lic. Pedag. ,,R. Ferdinand\u201d Sighetu Marma\u021biei<\/td><\/tr><tr><td>&nbsp;203.<\/td><td>Vraja-Lokos Eva Ibolya<\/td><td>Lic. Teor. ,,L. Kl\u00e1ra\u201d Sighetu Marma\u021biei<\/td><\/tr><tr><td>&nbsp;204.<\/td><td>Vraja-Lokos Ioan D\u0103nu\u021b<\/td><td>L.T. ,,Marma\u021bia\u201d Sighetu Marma\u021biei<\/td><\/tr><tr><td>&nbsp;205.<\/td><td>Zelenszky Tamara<\/td><td>L.T. ,,Marma\u021bia\u201d Sighetu Marma\u021biei<\/td><\/tr><tr><td>&nbsp;206.<\/td><td>Zelina Ioana<\/td><td>U. T. Cluj-Napoca, Centrul Univ. Nord Baia Mare<\/td><\/tr><tr><td>&nbsp;207.<\/td><td>Zetea Bogdan<\/td><td>\u015ec. Gim. ,,G. Co\u0219buc\u201d Sighetu Marma\u021biei<\/td><\/tr><tr><td>&nbsp;208.<\/td><td>Zetea Teodora<\/td><td>\u015ec. Gim. Saras\u0103u<\/td><\/tr><tr><td>&nbsp;209.<\/td><td>Zlampare\u0163 Horia<\/td><td>C. N. \u201eV. Lucaciu\u201d Baia Mare<\/td><\/tr><tr><td>&nbsp;210.<\/td><td>Zlampare\u021b Mihaela<\/td><td>C. Ec. \u201eN. Titulescu\u201d Baia Mare<\/td><\/tr><tr><td> 211.&nbsp;<\/td><td>Zmical\u0103 Codru\u021b Sorin<\/td><td>C. N. \u201eDrago\u0219 Vod\u0103\u201d Sighetu Marma\u021biei<\/td><\/tr><tr><td>&nbsp;212.<\/td><td>Zuba\u0219cu&nbsp; Daniela-Ioana<\/td><td>\u0218c. Gim. ,,L. Rebreanu\u201d Dragomire\u0219ti<\/td><\/tr><\/tbody><\/table><\/figure>\n","protected":false},"excerpt":{"rendered":"<p>Nr. crt. Numele \u0219i prenumele Institu\u021bia de \u00eenv\u0103\u021b\u0103m\u00e2nt &nbsp;1. Alexandrescu Adina \u0218c. Gim. Cic\u00e2rl\u0103u &nbsp;2. Andreica Gheorghe \u0218c. profesional\u0103 Vi\u0219eu de Sus &nbsp;3. Ardelean Codru\u021ba \u0218c.&#46;&#46;&#46;<\/p>\n","protected":false},"author":1,"featured_media":0,"parent":44,"menu_order":2,"comment_status":"closed","ping_status":"closed","template":"","meta":{"ngg_post_thumbnail":0,"footnotes":""},"class_list":["post-63","page","type-page","status-publish","hentry"],"aioseo_notices":[],"_links":{"self":[{"href":"https:\/\/ssmr.cunbm.utcluj.ro\/index.php\/wp-json\/wp\/v2\/pages\/63","targetHints":{"allow":["GET"]}}],"collection":[{"href":"https:\/\/ssmr.cunbm.utcluj.ro\/index.php\/wp-json\/wp\/v2\/pages"}],"about":[{"href":"https:\/\/ssmr.cunbm.utcluj.ro\/index.php\/wp-json\/wp\/v2\/types\/page"}],"author":[{"embeddable":true,"href":"https:\/\/ssmr.cunbm.utcluj.ro\/index.php\/wp-json\/wp\/v2\/users\/1"}],"replies":[{"embeddable":true,"href":"https:\/\/ssmr.cunbm.utcluj.ro\/index.php\/wp-json\/wp\/v2\/comments?post=63"}],"version-history":[{"count":9,"href":"https:\/\/ssmr.cunbm.utcluj.ro\/index.php\/wp-json\/wp\/v2\/pages\/63\/revisions"}],"predecessor-version":[{"id":877,"href":"https:\/\/ssmr.cunbm.utcluj.ro\/index.php\/wp-json\/wp\/v2\/pages\/63\/revisions\/877"}],"up":[{"embeddable":true,"href":"https:\/\/ssmr.cunbm.utcluj.ro\/index.php\/wp-json\/wp\/v2\/pages\/44"}],"wp:attachment":[{"href":"https:\/\/ssmr.cunbm.utcluj.ro\/index.php\/wp-json\/wp\/v2\/media?parent=63"}],"curies":[{"name":"wp","href":"https:\/\/api.w.org\/{rel}","templated":true}]}}