{"id":884,"date":"2025-08-12T21:11:57","date_gmt":"2025-08-12T18:11:57","guid":{"rendered":"https:\/\/ssmr.cunbm.utcluj.ro\/?page_id=884"},"modified":"2025-10-15T20:06:56","modified_gmt":"2025-10-15T17:06:56","slug":"membri-cotizanti-ai-ssmr-filiala-maramures-pe-anul-2024","status":"publish","type":"page","link":"https:\/\/ssmr.cunbm.utcluj.ro\/index.php\/membrii-ai-filialei-maramures-a-ssmr\/membri-cotizanti-ai-ssmr-filiala-maramures-pe-anul-2024\/","title":{"rendered":"Membri cotizan\u021bi ai SSMR \u2013 Filiala Maramure\u0219 pe anul \u0219colar 2023-2024"},"content":{"rendered":"\n<p>Informa\u021biile con\u021binute pe acest\u0103 pagin\u0103 urmeaz\u0103 s\u0103 fie actualizate\/modificate!<\/p>\n\n\n\n<figure class=\"wp-block-table\"><table><tbody><tr><td><strong>Nr<\/strong>. <strong>crt<\/strong>.<\/td><td><strong>Numele \u0219i prenumele<\/strong><\/td><td><strong>Institu\u021bia de \u00eenv\u0103\u021b\u0103m\u00e2nt<\/strong><\/td><\/tr><tr><td>&nbsp;1.<\/td><td>Alexandrescu Adina<\/td><td>\u0218c. Gim. Cic\u00e2rl\u0103u<\/td><\/tr><tr><td> 2.<\/td><td>Axinte Erica<\/td><td>L. T. \u201eI. Buteanu\u201d \u0218omcuta Mare<\/td><\/tr><tr><td>\u00a03.<\/td><td>Banco\u0219 Marin<\/td><td>U. T. Cluj-Napoca, Centrul Univ. Nord Baia Mare<\/td><\/tr><tr><td>\u00a04.<\/td><td>Barbur Simona<\/td><td>\u0218c. Gim. \u201eV. Alecsandri\u201d Baia Mare<\/td><\/tr><tr><td>\u00a05.<\/td><td>Conf. Univ. dr. B\u0103rbosu Dan<\/td><td>U. T. Cluj-Napoca, Centrul Univ. Nord Baia Mare<\/td><\/tr><tr><td>\u00a06.<\/td><td>Prof. Univ. dr. Berinde Vasile<\/td><td>U. T. Cluj-Napoca, Centrul Univ. Nord Baia Mare<\/td><\/tr><tr><td>\u00a07.<\/td><td>Berindea Vasile<\/td><td>\u0218c. Gim. Bude\u0219ti<\/td><\/tr><tr><td>\u00a08.<\/td><td>Bedeoan Loredana<\/td><td>C. N. ,,Drago\u0219 Vod\u0103\u201d Sighetu Marma\u021biei<\/td><\/tr><tr><td> 9.<\/td><td>B\u00eerle Sab\u0103u Crina<\/td><td>\u0218c. Gim. \u201eSimion B\u0103rnu\u021biu\u201d<\/td><\/tr><tr><td>10.<\/td><td>Boga Ovidiu<\/td><td>L. T. \u201eGr. C. Moisil\u201d Tg. L\u0103pu\u0219<\/td><\/tr><tr><td>11.<\/td><td>Boico Serghei Valentin<\/td><td>\u0218c. Prof. Poienile de sub Munte <\/td><\/tr><tr><td>\u00a012.<\/td><td>Bojor Florin<\/td><td>C. N. \u201eGh. \u015eincai\u201d Baia Mare<\/td><\/tr><tr><td>\u00a013.<\/td><td>Bojor Meda<\/td><td>C. N. \u201eGh. \u015eincai\u201d Baia Mare<\/td><\/tr><tr><td>\u00a014.<\/td><td>Boroica Gabriela<\/td><td>C. N. \u201eV. Lucaciu\u201d Baia Mare<\/td><\/tr><tr><td>\u00a015.<\/td><td>Boroica Gheorghe<\/td><td>C. N. \u201eGh. \u015eincai\u201d Baia Mare<\/td><\/tr><tr><td>\u00a016.<\/td><td>Borota Ovidiu<\/td><td>\u0218c. Gim. Cerne\u0219ti<\/td><\/tr><tr><td>17.<\/td><td>Bor\u0219a Raul<\/td><td>C. Ec., \u201eN. Titulescu\u201d Baia Mare<\/td><\/tr><tr><td>18.<\/td><td>Breitkopf Marieta<\/td><td>\u0218c. Gim. \u201eN. St\u0103nescu\u201d Baia Mare<\/td><\/tr><tr><td>\u00a019.<\/td><td>Bretan Andrei<\/td><td>C. N. \u201eV. Lucaciu\u201d Baia Mare<\/td><\/tr><tr><td>20.<\/td><td>Bretan Florina<\/td><td>\u0218c. Gim. \u201eG. Co\u0219buc\u201d Baia Mare<\/td><\/tr><tr><td>\u00a021.<\/td><td>Brisc Viorica<\/td><td>C. N. \u201eGh. \u015eincai\u201d Baia Mare<\/td><\/tr><tr><td>22.<\/td><td>Buda Gavril<\/td><td>\u0218c. Prof. Repeda<\/td><\/tr><tr><td>\u00a023.<\/td><td>Buda Liviu Cornel<\/td><td>L. T. \u201ePetru Rare\u0219\u201d Tg. L\u0103pu\u0219<\/td><\/tr><tr><td>\u00a024.<\/td><td>Bude Andreea Niculina<\/td><td>\u0218c. Gim. L\u0103pu\u0219<\/td><\/tr><tr><td>\u00a025.<\/td><td>Budea Andreea<\/td><td>\u0218c. Gim. ,,Dr. Victor Babe\u0219&#8221; Baia Mare<\/td><\/tr><tr><td>\u00a026.<\/td><td>Burzo Gavril<\/td><td>\u0218c. Gim. ,,Florea Mure\u0219anu\u201d Suciu de Sus<\/td><\/tr><tr><td>\u00a027.<\/td><td>Burzo Maria<\/td><td>L. T. \u201eGr. C. Moisil\u201d T\u00e2rgu L\u0103pu\u0219<\/td><\/tr><tr><td>\u00a028.<\/td><td>Burzo Olimpia<\/td><td>\u0218c. Gim. ,,Florea Mure\u0219anu\u201d Suciu de Sus<\/td><\/tr><tr><td>29.<\/td><td>Buzil\u0103-G\u00e2rda Cristian<\/td><td>\u0218c. Gim. \u201eG. Co\u0219buc\u201d Baia Mare<\/td><\/tr><tr><td>30.<\/td><td>C\u00e2mpan Florin<\/td><td>\u0218c. Gim. \u201eA. Iancu\u201d Baia Mare<\/td><\/tr><tr><td>31.<\/td><td>Chende Paula<\/td><td>\u0218c. Gim. \u201eG. Co\u0219buc\u201d Baia Mare<\/td><\/tr><tr><td>32.<\/td><td>Chindri\u0219 Filip Laz\u0103r<\/td><td>Lic. Bor\u0219a<\/td><\/tr><tr><td>33.<\/td><td>Chindri\u0219 Mihai D\u0103nu\u021b<\/td><td>\u0218c. Gim. Crasna Vi\u0219eului<\/td><\/tr><tr><td>34.<\/td><td>Chiorean Adela<\/td><td>\u0218c. Gim. \u201eG. Co\u0219buc\u201d Baia Mare<\/td><\/tr><tr><td>\u00a035.<\/td><td>Lector univ. dr. Chira Mihaela<\/td><td>U. T. Cluj-Napoca, Centrul Univ. Nord Baia Mare<\/td><\/tr><tr><td>\u00a036.<\/td><td>Chi\u0219 Maria-Marioara<\/td><td>\u0218c. Gim. \u201eM. Eminescu\u201d S\u0103li\u0219tea de Sus<\/td><\/tr><tr><td>37.<\/td><td>Coman Elena<\/td><td>\u0218c. Gim. Nr 4 Bor\u0219a<\/td><\/tr><tr><td>38.<\/td><td>Coman Ioana<\/td><td>\u0218c. Gim. \u201eDrago\u0219 Vod\u0103\u201d Moisei<\/td><\/tr><tr><td>\u00a039.<\/td><td>Cosma Simona<\/td><td>\u0218c. Gim. Nr.18 Baia Mare<\/td><\/tr><tr><td>\u00a040.<\/td><td>Costin Mariana Ionela<\/td><td>\u0218c. Gim. \u201eA. Buzura\u201d Copalnic M\u0103n\u0103\u0219tur<\/td><\/tr><tr><td>41.<\/td><td>Co\u021bofan Olivia<\/td><td>\u0218c. Gim. \u201eA. Buzura\u201d Copalnic M\u0103n\u0103\u0219tur<\/td><\/tr><tr><td>42.<\/td><td>Covaci Vaselina<\/td><td>\u0218c. Profesional\u0103 Ruscova<\/td><\/tr><tr><td>\u00a043.<\/td><td>Covaciu Traian<\/td><td>C. N. \u201eVasile Lucaciu\u201d Baia Mare<\/td><\/tr><tr><td>\u00a044.<\/td><td>Cr\u0103ciun Lucia<\/td><td>\u0218c. Gim. Cerne\u0219ti<\/td><\/tr><tr><td>\u00a045.<\/td><td>Cucu Camelia<\/td><td>\u0218c. Gim. Cup\u0219eni<\/td><\/tr><tr><td>\u00a046.<\/td><td>Cup\u0219a Adriana Daniela<\/td><td>L. T. ,,Grigore C. Moisil\u201d Tg. L\u0103pu\u0219<\/td><\/tr><tr><td>\u00a047.<\/td><td>Cup\u0219a Mariana<\/td><td>\u0218c. Gim. ,,N. Steinhardt\u201d Rohia<\/td><\/tr><tr><td>\u00a048.<\/td><td>Darol\u021bi Erika<\/td><td>C. N. \u201eV. Lucaciu\u201d Baia Mare<\/td><\/tr><tr><td>\u00a049.<\/td><td>Dobrican Melania<\/td><td>L. T. \u201ePintea Viteazul\u201d Cavnic<\/td><\/tr><tr><td>\u00a050.<\/td><td>Drago\u0219 Anamaria Monica<\/td><td>\u0218c. Gim. ,,Mihai Olos\u201d Arini\u0219<\/td><\/tr><tr><td>51.<\/td><td>Dru\u021biu Sorin<\/td><td>\u0218c. Gim. Leordina<\/td><\/tr><tr><td>52.<\/td><td>F\u0103n\u0103\u021ban Teofil<\/td><td>\u0218c. Gim. \u201eG. Co\u0219buc\u201d Baia Mare<\/td><\/tr><tr><td>\u00a053.<\/td><td>F\u0103rca\u015f Natalia<\/td><td>C. N. \u201eV. Lucaciu\u201d Baia Mare<\/td><\/tr><tr><td>\u00a054.<\/td><td>Florea Elena-Livia<\/td><td>\u0218c. Gim. Ieud<\/td><\/tr><tr><td>55.<\/td><td>Friedrich Gabriela<\/td><td>C. Ec. ,,N. Titulescu\u201d Baia Mare<\/td><\/tr><tr><td>\u00a056.<\/td><td>Gavrila\u0219 Emilia<\/td><td>L. T. \u201ePetru Rare\u0219\u201d T\u00e2rgu L\u0103pu\u0219<\/td><\/tr><tr><td>\u00a057.<\/td><td>Gherghel Ioana<\/td><td>\u0218c. Gim. \u201eA. Buzura\u201d Copalnic M\u0103n\u0103\u0219tur<\/td><\/tr><tr><td>58.<\/td><td>Glodean Vasile<\/td><td>\u0218c. Prof Repedea<\/td><\/tr><tr><td>\u00a059.<\/td><td>Giurgi Vasile<\/td><td>C. N. ,,Drago\u0219 Vod\u0103\u201d Sighetu Marma\u021biei<\/td><\/tr><tr><td>\u00a060.<\/td><td>Godja Florica<\/td><td>\u0218c. Gim. ,,M. Vulc\u0103nescu\u201d B\u00e2rsana<\/td><\/tr><tr><td>\u00a061.<\/td><td>Godja Vasile<\/td><td>Lic. Tehn. ,,O. Goga\u201d, Rozavlea<\/td><\/tr><tr><td>\u00a062.<\/td><td>Heuberger Cristian<\/td><td>C. N. \u201eV. Lucaciu\u201d Baia Mare<\/td><\/tr><tr><td>\u00a063.<\/td><td>Heuberger Dana<\/td><td>C. N. \u201eV. Lucaciu\u201d Baia Mare<\/td><\/tr><tr><td>\u00a064.<\/td><td>Hidecuti Larisa Oana<\/td><td>\u0218c. Gim. ,, Dr. Teodor Mihali\u201d Boiu Mare<\/td><\/tr><tr><td>65.<\/td><td>Hindli Gyongyi<\/td><td>\u0218c. Gim. S\u0103c\u0103l\u0103\u0219eni<\/td><\/tr><tr><td>66.<\/td><td>Horotan Ioana-Aura<\/td><td>\u0218c. Gim. nr. 18, Baia Mare<\/td><\/tr><tr><td>\u00a067.<\/td><td>conf. univ. dr. Horvat-Marc Andrei<\/td><td>U. T. Cluj-Napoca, Centrul Univ. Nord Baia Mare<\/td><\/tr><tr><td>68.<\/td><td>Hossu C\u0103lin<\/td><td>\u0218c. Gim. \u201eD. Cantemir\u201d Baia Mare<\/td><\/tr><tr><td>\u00a069.<\/td><td>Hossu Simona<\/td><td>\u0218c. Gim. Cic\u00e2rl\u0103u<\/td><\/tr><tr><td>\u00a070.<\/td><td>Huminiuc Monica<\/td><td>\u0218c. Gim. ,,Lucian Blaga\u201d Baia Mare<\/td><\/tr><tr><td>71.<\/td><td>Iavarovschi Alina-Diana<\/td><td>\u0218c. Prof. Poienile de sub Munte<\/td><\/tr><tr><td>\u00a072.<\/td><td>Iona\u0219 Mirela<\/td><td>L. T. \u201ePetru Rare\u0219\u201d T\u00e2rgu L\u0103pu\u0219<\/td><\/tr><tr><td>73.<\/td><td>Kaszoni Claudia<\/td><td>Lic. Tehn. de Transporturi Auto Baia Sprie<\/td><\/tr><tr><td>\u00a074.<\/td><td>Lector univ. dr. Lauran Monica<\/td><td>U. T. Cluj-Napoca, Centrul Univ. Nord Baia Mare<\/td><\/tr><tr><td>\u00a075.<\/td><td>Leo Martin<\/td><td>L. T. \u201ePetru Rare\u0219\u201d T\u00e2rgu L\u0103pu\u0219<\/td><\/tr><tr><td>76.<\/td><td>Leordean George Ovidiu<\/td><td>\u0218c. Gim. Nr. 1, Leordina<\/td><\/tr><tr><td>77.<\/td><td>Le\u0219e Teodor<\/td><td>L. T. \u201ePetru Rare\u0219\u201d T\u00e2rgu L\u0103pu\u0219<\/td><\/tr><tr><td>\u00a078.<\/td><td>Lopat\u0103 Angela<\/td><td>\u0218coala Profesional\u0103 F\u0103rca\u0219a<\/td><\/tr><tr><td>\u00a079.<\/td><td>Mada Cosmina<\/td><td>\u0218coala Gimnazial\u0103 \u201eIoan Slavici\u201d, T\u0103u\u021bii de Sus<\/td><\/tr><tr><td>80.<\/td><td>Marinescu Felicia-Loredana<\/td><td>L. T. \u201eIoan Buteanu&#8221; \u0218omcuta Mare<\/td><\/tr><tr><td>\u00a081.<\/td><td>Mari\u015f Nicolae<\/td><td>\u0218c. Gim. Nr. 8 Bor\u015fa<\/td><\/tr><tr><td>82.<\/td><td>Marusciac Dan S\u00e2nziana<\/td><td>\u0218c. Gim. Cr\u0103ciune\u0219ti<\/td><\/tr><tr><td>\u00a083.<\/td><td>Mastan Eliza Piroska<\/td><td>L. T. ,,N\u00e9meth L\u00e1szl\u00f3\u201d Baia Mare<\/td><\/tr><tr><td>84.<\/td><td>Mayercsik Andrea<\/td><td>Lic. Tehn. de Transporturi Auto Baia Sprie<\/td><\/tr><tr><td>\u00a085.<\/td><td>Mese\u0219an Teodora Laura<\/td><td>Liceul Tehnologic Agricol \u201cAlexiu Berinde\u201d Seini<\/td><\/tr><tr><td>86.<\/td><td>Mich Ionu\u021b<\/td><td>\u0218c. Prof. Poienile de sub Munte<\/td><\/tr><tr><td>\u00a087.<\/td><td>Micle Melinda Daiana<\/td><td>\u0218c. Gim. Crasna Vi\u0219eului<\/td><\/tr><tr><td>\u00a088.<\/td><td>Micu C\u0103lin<\/td><td>L. T. \u201ePetru Rare\u0219\u201d T\u00e2rgu L\u0103pu\u0219<\/td><\/tr><tr><td>89.<\/td><td>Miculaiciuc Maria<\/td><td>\u0218c. Prof. Poienile de sub Munte<\/td><\/tr><tr><td>90.<\/td><td>Mihalca Cristina<\/td><td>\u0218c. Gim. \u201eN. St\u0103nescu\u201d Baia Mare<\/td><\/tr><tr><td>91.<\/td><td>Mihali Ileana<\/td><td>\u0218C. Gim. Nr. 7 Bor\u0219a<\/td><\/tr><tr><td>\u00a092.<\/td><td>Mihali Marinela<\/td><td>Liceul Bor\u0219a<\/td><\/tr><tr><td>\u00a093.<\/td><td>Miholca Veronica<\/td><td>\u015ec. Gim. ,,Ben Corlaciu\u201d Gro\u015fii \u0162ible\u015fului<\/td><\/tr><tr><td>\u00a094.<\/td><td>Mihu Amalia<\/td><td>C. N. ,,Drago\u0219 Vod\u0103\u201d Sighetu Marma\u021biei<\/td><\/tr><tr><td>95.<\/td><td>Minghira\u0219 Camelia<\/td><td>\u0218c. Gim. \u201eG. Co\u0219buc\u201d Baia Mare<\/td><\/tr><tr><td>\u00a096.<\/td><td>Moldovan Raluca<\/td><td>\u0218c. Gim. \u201eA. Buzura\u201d Copalnic M\u0103n\u0103\u0219tur<\/td><\/tr><tr><td>97.<\/td><td>Moroz Maria<\/td><td>\u0218c. Prof. Ruscova<\/td><\/tr><tr><td>\u00a098.<\/td><td>Mu\u015furoia Nicolae<\/td><td>C. N. \u201eGh. \u015eincai\u201d Baia Mare<\/td><\/tr><tr><td>99.<\/td><td>Nagy Anamaria<\/td><td>\u0218c. Gim. \u201eG. Co\u0219buc\u201d Baia Mare<\/td><\/tr><tr><td>\u00a0100.<\/td><td>Neaga Nadina<\/td><td>\u0218c. Gim. \u201eDr. V. Babe\u015f\u201d Baia Mare<\/td><\/tr><tr><td>\u00a0101.<\/td><td>Neme\u0219 Ioana<\/td><td>\u0218c. Gim. C\u0103line\u0219ti<\/td><\/tr><tr><td>\u00a0102.<\/td><td>Onea Natalia<\/td><td>\u0218c. Gim. \u201eM. Sadoveanu\u201d Baia Mare<\/td><\/tr><tr><td>103.<\/td><td>Pa\u0219cu Gherghe <\/td><td>L. T. \u201eBogdan Vod\u0103\u201d Vi\u0219eu de Sus<\/td><\/tr><tr><td>104.<\/td><td>Paven Florin<\/td><td>L. T. \u201eDr. F. Ulmeanu\u201d Ulmeni<\/td><\/tr><tr><td>\u00a0105.<\/td><td>Peter Corina Maria<\/td><td>\u0218c. Gim. S\u0103cel<\/td><\/tr><tr><td>106.<\/td><td>Petru\u0219 Ioan<\/td><td>\u0218c. Prof. Rom\u00e2no-German\u0103 Vi\u0219eu de Sus<\/td><\/tr><tr><td>107.<\/td><td>Petru\u0219 Ramona<\/td><td>\u0218c. Prof. Rom\u00e2no-German\u0103 Vi\u0219eu de Sus<\/td><\/tr><tr><td>\u00a0108.<\/td><td>Petrovai Maria<\/td><td>\u0218c. Gim. ,,M. Vulc\u0103nescu\u201d B\u00e2rsana<\/td><\/tr><tr><td>109.<\/td><td>Pintea Alina<\/td><td>\u0218c. Gim. \u201eG. Co\u0219buc\u201d Baia Mare<\/td><\/tr><tr><td>110.<\/td><td>Conf. Univ. dr. Pi\u0219coran Laurian<\/td><td>U. T. Cluj-Napoca, Centrul Univ. Nord Baia Mare<\/td><\/tr><tr><td>111.<\/td><td>Podin\u0103 Camelia<\/td><td>L.. T. \u201eEmil Racovi\u021b\u0103\u201d Baia Mare<\/td><\/tr><tr><td>112.<\/td><td>Pop Adela<\/td><td>C. Ec. ,,N. Titulescu\u201d Baia Mare<\/td><\/tr><tr><td>113.<\/td><td>Lector univ. dr. Pop Adina<\/td><td>U. T. Cluj-Napoca, Centrul Univ. Nord Baia Mare<\/td><\/tr><tr><td>114.<\/td><td>Pop Adrian<\/td><td>C. N. \u201eGh. \u015eincai\u201d Baia Mare<\/td><\/tr><tr><td>115.<\/td><td>Pop Adriana<\/td><td>\u0218c. Gim. B\u0103se\u0219ti<\/td><\/tr><tr><td>116.<\/td><td>Pop Andreea<\/td><td>Colegiul de Arte Baia Mare<\/td><\/tr><tr><td>\u00a0117.<\/td><td>Pop Cosmin-R\u0103zvan<\/td><td>\u0218c. Gim. \u201eA. Iancu\u201d Baia Mare<\/td><\/tr><tr><td>\u00a0118.<\/td><td>Pop Ioan<\/td><td>\u0218c. Gim. Nr.1 Str\u00e2mtura<\/td><\/tr><tr><td>119.<\/td><td>Pop Livia<\/td><td>\u0218c. Gim. \u201eDrago\u0219 Vod\u0103\u201d Moisei<\/td><\/tr><tr><td>120.<\/td><td>Pop Maria Monica<\/td><td>\u0218coala Profesional\u0103 F\u0103rca\u0219a<\/td><\/tr><tr><td>\u00a0121.<\/td><td>Pop Mariana<\/td><td>L. T. \u201ePetru Rare\u0219\u201d T\u00e2rgu L\u0103pu\u0219<\/td><\/tr><tr><td>\u00a0122.<\/td><td>Pop Ovidiu<\/td><td>C. N. ,,Drago\u0219 Vod\u0103\u201d Sighetu Marma\u021biei<\/td><\/tr><tr><td>\u00a0123.<\/td><td>Pop Ovidiu<\/td><td>\u0218c. Gim. Coroieni<\/td><\/tr><tr><td>\u00a0124.<\/td><td>Pop Sever<\/td><td>\u0218c. Gim. ,,Dimitrie Cantemir\u201d Baia Mare<\/td><\/tr><tr><td>125.<\/td><td>Pop Vesel Floare Ioana<\/td><td>L. T. \u201eBogdan Vod\u0103\u201d Vi\u0219eu de Sus<\/td><\/tr><tr><td>\u00a0126.<\/td><td>Prof. Univ. dr. Pop-Sitar Petric\u0103<\/td><td>U. T. Cluj-Napoca, Centrul Univ. Nord Baia Mare<\/td><\/tr><tr><td>127.<\/td><td>Popescu Ana<\/td><td>\u0218c. Gim. Nr. 9 Bor\u0219a<\/td><\/tr><tr><td>128.<\/td><td>Popescu Mihai<\/td><td>\u0218c. Gim. Nr. 9 Bor\u0219a<\/td><\/tr><tr><td>\u00a0129.<\/td><td>Rad Daniel<\/td><td>Lic. Teor. \u201eB. Vod\u0103\u201d Vi\u0219eu de Sus<\/td><\/tr><tr><td>130.<\/td><td>Ra\u021b Mihaela Elena<\/td><td>\u0218c. Gim. G\u00e2rdani<\/td><\/tr><tr><td>\u00a0131.<\/td><td>Roman Mariana<\/td><td>\u0218c. Gim. Vima Mic\u0103<\/td><\/tr><tr><td>\u00a0132.<\/td><td>Roman Ovidiu<\/td><td>\u0218c. Gim. Vima Mic\u0103<\/td><\/tr><tr><td>\u00a0133.<\/td><td>Roman Rozalia-Ioana<\/td><td>\u0218c. Gim. \u201eA. Buzura\u201d Copalnic M\u0103n\u0103\u0219tur<\/td><\/tr><tr><td>\u00a0134.<\/td><td>Ro\u0219ca Ioan<\/td><td>\u0218c. Gim. \u0218ieu (Botiza)<\/td><\/tr><tr><td>\u00a0135.<\/td><td>Rus&nbsp; Veronica<\/td><td>\u0218c. Gim. Once\u0219ti<\/td><\/tr><tr><td>\u00a0136.<\/td><td>Conf. Univ. dr. Sabo Cosmin<\/td><td>U. T. Cluj-Napoca, Centrul Univ. Nord Baia Mare<\/td><\/tr><tr><td>\u00a0137.<\/td><td>Sandu Lucia<\/td><td>C. N. \u201eV. Lucaciu\u201d Baia Mare<\/td><\/tr><tr><td>\u00a0138.<\/td><td>Savu George Stelian<\/td><td>L. T. \u201eAl. Filipa\u015fcu\u201d Petrova<\/td><\/tr><tr><td>\u00a0139.<\/td><td>S\u0103l\u0103jan Raluca<\/td><td>\u0218c. Gim. ,,V. Alecsandri\u201d Baia Mare<\/td><\/tr><tr><td>\u00a0140.<\/td><td>S\u0103vescu Cristi<\/td><td>matematician<\/td><\/tr><tr><td>141.<\/td><td>Simon Ildik\u00f3<\/td><td>\u0218c. Gim. \u201eK\u00f3s K\u00e1roly\u201d Arduzel<\/td><\/tr><tr><td>142.<\/td><td>Sofrac Maria<\/td><td>Colegiul Tehnic &#8221; C.D. Nenitescu&#8221; Baia Mare<\/td><\/tr><tr><td>143.<\/td><td>\u0218andor Ionu\u021b<\/td><td>\u0218c. Gim. ,,Al. Ivasiuc\u201d Baia Mare<\/td><\/tr><tr><td>144.<\/td><td>\u0218erban Palaga<\/td><td>\u0218c. Gim. Ieud<\/td><\/tr><tr><td>145.<\/td><td>\u0218imon Paula Mihaela<\/td><td>L. T. \u201eBogdan Vod\u0103\u201d Vi\u0219eu de Sus<\/td><\/tr><tr><td>146.<\/td><td>\u0218te\u021bco Daniela<\/td><td>Liceul Bor\u0219a<\/td><\/tr><tr><td>147.<\/td><td>\u0218te\u021bcu Ioan<\/td><td>\u0218c. Gim. Nr. 8  Bor\u0219a<\/td><\/tr><tr><td>148.<\/td><td>\u0218te\u021bcu Mia Ioana<\/td><td>\u0218c. Gim. Nr. 1 Moisei<\/td><\/tr><tr><td>\u00a0149.<\/td><td>\u0218tiopei Ileana<\/td><td>\u0218c. Gim. ,,M. Vulc\u0103nescu\u201d B\u00e2rsana<\/td><\/tr><tr><td>\u00a0150.<\/td><td>\u0218u\u0219ca Andrei Vasile<\/td><td>\u0218c. Gim. Bogdan Vod\u0103<\/td><\/tr><tr><td>151.<\/td><td>Szerasz Maria<\/td><td>\u0218c. Gim. ,,D. Cantemir\u201d Baia Mare<\/td><\/tr><tr><td>\u00a0152.<\/td><td>Conf. Univ. dr. Ta\u0219cu-Stavre Ioana<\/td><td>U. T. Cluj-Napoca, Centrul Univ. Nord Baia Mare<\/td><\/tr><tr><td>153.<\/td><td>T\u0103tar Tunde<\/td><td>\u0218c. Gim. Remetea Chioarului<\/td><\/tr><tr><td>154.<\/td><td>Timi\u0219 Lenu\u021ba<\/td><td>Liceul Bor\u0219a<\/td><\/tr><tr><td>\u00a0155.<\/td><td>Tivadar Cornel<\/td><td>C. N. ,,Drago\u0219 Vod\u0103\u201d Sighetu Marma\u021biei<\/td><\/tr><tr><td>156.<\/td><td>Tomoiag\u0103 Ana<\/td><td>\u0218c. Prof. Poienile de sub Munte<\/td><\/tr><tr><td>157.<\/td><td>Tomoiag\u0103 Ramona<\/td><td>\u0218c. Gim. \u201eG. Co\u0219buc\u201d Baia Mare<\/td><\/tr><tr><td>158.<\/td><td>Tuns Lucia<\/td><td>L. T. \u201eI. Buteanu\u201d \u0218omcuta Mare<\/td><\/tr><tr><td>159.<\/td><td>\u021aical\u0103 Lenu\u021ba Ioni\u021ba<\/td><td>Lic. Bor\u0219a<\/td><\/tr><tr><td>160.<\/td><td>\u021aicle Angela<\/td><td>L. T. Penticostal, Baia Mare<\/td><\/tr><tr><td>161.<\/td><td>\u021aol Anastasia<\/td><td>\u0218c. Gim. Ardusat<\/td><\/tr><tr><td>162.<\/td><td>Vancea Maria<\/td><td>\u0218c. Gim. \u201eM. Eminescu\u201d S\u0103li\u0219tea de Sus<\/td><\/tr><tr><td>163.<\/td><td>Varga Andreea<\/td><td>\u0218c. Gim. Botiza<\/td><\/tr><tr><td>164.<\/td><td>Vele Alexandru<\/td><td>L. T. \u201eGr. C. Moisil\u201d T\u00e2rgu L\u0103pu\u0219<\/td><\/tr><tr><td>165.<\/td><td>Vijdeluc Mihai<\/td><td>\u0218c. Gim. Glod-Sl\u0103tioara<\/td><\/tr><tr><td>166.<\/td><td>Zlampare\u0163 Horia<\/td><td>C. N. \u201eV. Lucaciu\u201d Baia Mare<\/td><\/tr><tr><td>167.<\/td><td>Zlampare\u021b Mihaela<\/td><td>C. Ec. \u201eN. Titulescu\u201d Baia Mare<\/td><\/tr><tr><td>168.<\/td><td>Zuba\u0219cu&nbsp; Daniela-Ioana<\/td><td>\u0218c. Gim. ,,L. Rebreanu\u201d Dragomire\u0219ti<\/td><\/tr><\/tbody><\/table><\/figure>\n\n\n\n<p><\/p>\n","protected":false},"excerpt":{"rendered":"<p>Informa\u021biile con\u021binute pe acest\u0103 pagin\u0103 urmeaz\u0103 s\u0103 fie actualizate\/modificate! Nr. crt. Numele \u0219i prenumele Institu\u021bia de \u00eenv\u0103\u021b\u0103m\u00e2nt &nbsp;1. Alexandrescu Adina \u0218c. Gim. Cic\u00e2rl\u0103u 2. Axinte Erica&#46;&#46;&#46;<\/p>\n","protected":false},"author":1,"featured_media":0,"parent":44,"menu_order":0,"comment_status":"closed","ping_status":"closed","template":"","meta":{"ngg_post_thumbnail":0,"footnotes":""},"class_list":["post-884","page","type-page","status-publish","hentry"],"aioseo_notices":[],"_links":{"self":[{"href":"https:\/\/ssmr.cunbm.utcluj.ro\/index.php\/wp-json\/wp\/v2\/pages\/884","targetHints":{"allow":["GET"]}}],"collection":[{"href":"https:\/\/ssmr.cunbm.utcluj.ro\/index.php\/wp-json\/wp\/v2\/pages"}],"about":[{"href":"https:\/\/ssmr.cunbm.utcluj.ro\/index.php\/wp-json\/wp\/v2\/types\/page"}],"author":[{"embeddable":true,"href":"https:\/\/ssmr.cunbm.utcluj.ro\/index.php\/wp-json\/wp\/v2\/users\/1"}],"replies":[{"embeddable":true,"href":"https:\/\/ssmr.cunbm.utcluj.ro\/index.php\/wp-json\/wp\/v2\/comments?post=884"}],"version-history":[{"count":94,"href":"https:\/\/ssmr.cunbm.utcluj.ro\/index.php\/wp-json\/wp\/v2\/pages\/884\/revisions"}],"predecessor-version":[{"id":1217,"href":"https:\/\/ssmr.cunbm.utcluj.ro\/index.php\/wp-json\/wp\/v2\/pages\/884\/revisions\/1217"}],"up":[{"embeddable":true,"href":"https:\/\/ssmr.cunbm.utcluj.ro\/index.php\/wp-json\/wp\/v2\/pages\/44"}],"wp:attachment":[{"href":"https:\/\/ssmr.cunbm.utcluj.ro\/index.php\/wp-json\/wp\/v2\/media?parent=884"}],"curies":[{"name":"wp","href":"https:\/\/api.w.org\/{rel}","templated":true}]}}