{"id":888,"date":"2025-08-12T21:25:13","date_gmt":"2025-08-12T18:25:13","guid":{"rendered":"https:\/\/ssmr.cunbm.utcluj.ro\/?page_id=888"},"modified":"2025-08-12T21:24:22","modified_gmt":"2025-08-12T18:24:22","slug":"membri-cotizanti-ai-ssmr-filiala-maramures-pe-anul-2025","status":"publish","type":"page","link":"https:\/\/ssmr.cunbm.utcluj.ro\/index.php\/membrii-ai-filialei-maramures-a-ssmr\/membri-cotizanti-ai-ssmr-filiala-maramures-pe-anul-2025\/","title":{"rendered":"Membri cotizan\u021bi ai SSMR \u2013 Filiala Maramure\u0219 pe anul 2024-2025"},"content":{"rendered":"\n<p>Informa\u021biile con\u021binute pe acest\u0103 pagin\u0103 urmeaz\u0103 s\u0103 fie actualizate\/modificate!<\/p>\n\n\n\n<figure class=\"wp-block-table\"><table><tbody><tr><td><strong>Nr<\/strong> <strong>crt<\/strong><\/td><td><strong>Numele \u0219i prenumele<\/strong><\/td><td><strong>Institu\u021bia de \u00eenv\u0103\u021b\u0103m\u00e2nt<\/strong><\/td><\/tr><tr><td>1.<\/td><td>Alexandrescu Adina<\/td><td>\u0218c. Gim. Cic\u00e2rl\u0103u<\/td><\/tr><tr><td>2.<\/td><td>Banco\u0219 Marin<\/td><td>U. T. Cluj-Napoca, Centrul Univ. Nord Baia Mare<\/td><\/tr><tr><td> 3.<\/td><td>Barbur Simona<\/td><td>\u0218c. Gim. \u201eV. Alecsandri\u201d Baia Mare<\/td><\/tr><tr><td>4.<\/td><td>B\u00e2rle Constantin<\/td><td>\u0218c. Gim. \u201eDr. I. Mihaly de Ap\u0219a\u201d Sighetu Marma\u021biei<\/td><\/tr><tr><td>5.<\/td><td>Prof. Univ. dr. Berinde Vasile<\/td><td>U. T. Cluj-Napoca, Centrul Univ. Nord Baia Mare<\/td><\/tr><tr><td>6.<\/td><td>Bedeoan Loredana<\/td><td>C. N. ,,Drago\u0219 Vod\u0103\u201d Sighetu Marma\u021biei<\/td><\/tr><tr><td>7.<\/td><td>Bude Andreea-Niculina<\/td><td>\u0218coala Gimnazial\u0103 L\u0103pu\u0219<\/td><\/tr><tr><td>8.<\/td><td>Budea Andreea<\/td><td>\u0218c. Gim. ,,Dr. Victor Babe\u0219\u201d Baia Mare<\/td><\/tr><tr><td>9.<\/td><td>Lector univ. dr. Chira Mihaela<\/td><td>U. T. Cluj-Napoca, Centrul Univ. Nord Baia Mare<\/td><\/tr><tr><td>10.<\/td><td>Cora Irina<\/td><td>Lic. Pedag. ,,R. Ferdinand\u201d Sighetu Marma\u021biei<\/td><\/tr><tr><td>11.<\/td><td>Corjuc Eunice<\/td><td>\u0218c. Gim. Nr. 4, Poienile de dub Munte<\/td><\/tr><tr><td>12.<\/td><td>Covaci Vaselina<\/td><td>L. T. Ruscova<\/td><\/tr><tr><td>13.<\/td><td>Cosma Simona<\/td><td>\u0218c. Gim. Nr.18 Baia Mare<\/td><\/tr><tr><td>14.<\/td><td>Deac Maria <\/td><td>\u0218c. Gim. C\u00e2mpulung la Tisa<\/td><\/tr><tr><td>15.<\/td><td>Dembrovski Carol<\/td><td>\u0218c. Gim. C\u00e2mpulung la Tisa<\/td><\/tr><tr><td>16.<\/td><td>Drago\u0219 Anamaria Monica<\/td><td>\u0218coala Gimnazial\u0103 \u201cIon Luca Caragiale\u201d, Baia Mare<\/td><\/tr><tr><td>17.<\/td><td>Giurgi Vasile<\/td><td>C. N. ,,Drago\u0219 Vod\u0103\u201d Sighetu Marma\u021biei<\/td><\/tr><tr><td>18.<\/td><td>Glodean Vasile<\/td><td>\u0218c. Gim. Crasna Vi\u0219eului<\/td><\/tr><tr><td>19.<\/td><td>Godja Corina Maria<\/td><td>\u0218c. Gim. S\u0103cel<\/td><\/tr><tr><td>20.<\/td><td>Godja Vasile<\/td><td>\u0218c. Profesional\u0103 Rozavlea<\/td><\/tr><tr><td>21.<\/td><td>conf. univ. dr. Horvat-Marc Andrei<\/td><td>U. T. Cluj-Napoca, Centrul Univ. Nord Baia Mare<\/td><\/tr><tr><td>22.<\/td><td>Hossu Simona<\/td><td>\u0218c. Gim. Cic\u00e2rl\u0103u<\/td><\/tr><tr><td>23.<\/td><td>Huminiuc Monica<\/td><td>\u0218c. Gim. ,,Lucian Blaga\u201d Baia Mare<\/td><\/tr><tr><td>24.<\/td><td>Iavarovschi Alina-Diana<\/td><td>\u0218c. Prof. Poienile de sub Munte<\/td><\/tr><tr><td>25.<\/td><td>Ierima Gen\u021biana<\/td><td>\u0218c. Gim. \u201eDr. I. Mihaly de Ap\u0219a\u201d Sighetu Marma\u021biei<\/td><\/tr><tr><td>26.<\/td><td>Lazarciuc Maria Ramona<\/td><td>\u0218c. Gim. Nr. 2 Sighetu Marma\u021biei<\/td><\/tr><tr><td>27.<\/td><td>Laz\u0103r Iustinian<\/td><td>\u0218c. Gim. Rona de Sus<\/td><\/tr><tr><td>28.<\/td><td>Lopat\u0103 Angela <\/td><td>\u0218coala Profesinal\u0103 F\u0103rca\u0219a<\/td><\/tr><tr><td>29.<\/td><td>Luscalov Mariana Tanea<\/td><td>L. T. Forestier Sighetu Marma\u021biei<\/td><\/tr><tr><td>30.<\/td><td>Mari\u0219 Nicolae<\/td><td>\u0218c. Gim. Nr. 8 Bor\u0219a<\/td><\/tr><tr><td>31.<\/td><td>Marinescu Felicia-Loredana<\/td><td>L. T. \u201eIoan Buteanu\u201d \u0218omcuta Mare<\/td><\/tr><tr><td>32.<\/td><td>Marusciac Dan S\u00eenziana<\/td><td>\u0218c. Gim. Cr\u0103ciune\u0219ti<\/td><\/tr><tr><td>33.<\/td><td>Miculaiciuc Maria<\/td><td>\u0218c. Prof. Poienile de sub Munte<\/td><\/tr><tr><td>34.<\/td><td>Mihalca Floare<\/td><td>\u0218c. Gim. \u201eDr. I. Mihaly de Ap\u0219a\u201d Sighetu Marma\u021biei<\/td><\/tr><tr><td>35.<\/td><td>Mihu Amalia<\/td><td>C. N. ,,Drago\u0219 Vod\u0103\u201d Sighetu Marma\u021biei<\/td><\/tr><tr><td>36.<\/td><td>Moroz Maria<\/td><td>L. T. Ruscova<\/td><\/tr><tr><td>37.<\/td><td>N\u0103sui Ani\u0219oara<\/td><td>\u0218c. Gim. Vi\u0219eu<\/td><\/tr><tr><td>38.<\/td><td>Neaga Nadina<\/td><td>\u0218c. Gim. \u201eDr. Victor Babe\u015f\u201d Baia Mare<\/td><\/tr><tr><td>39.<\/td><td>Onea Natalia<\/td><td>\u0218c. Gim. ,,Nicolae B\u0103lcescu \u201d Baia Mare<\/td><\/tr><tr><td>40.<\/td><td>Pascu Gheorghe<\/td><td>Lic. Teor. \u201eBogdan Vod\u0103\u201d Vi\u0219eu de Sus<\/td><\/tr><tr><td>41.<\/td><td>Paven Florin<\/td><td>L. T. \u201eDr. F. Ulmeanu\u201d Ulmeni<\/td><\/tr><tr><td>42.<\/td><td>Pisuc Teodora<\/td><td>\u015ec. Gim. ,,G. Co\u0219buc\u201d Sighetu Marma\u021biei<\/td><\/tr><tr><td>43.<\/td><td>Conf. Univ. dr. Pi\u0219coran Laurian<\/td><td>U. T. Cluj-Napoca, Centrul Univ. Nord Baia Mare<\/td><\/tr><tr><td>44.<\/td><td>Pi\u021bura Casian Vasile<\/td><td>L. T. \u201eForestier\u201d Sighetu Marma\u021biei<\/td><\/tr><tr><td>45.<\/td><td>Podin\u0103 Camelia<\/td><td>L. T. \u201eEmil Racovi\u021b\u0103\u201d Baia Mare<\/td><\/tr><tr><td>46.<\/td><td>Lector univ. dr. Pop Adina<\/td><td>U. T. Cluj-Napoca, Centrul Univ. Nord Baia Mare<\/td><\/tr><tr><td>47.<\/td><td>Pop Cosmin-R\u0103zvan<\/td><td>\u0218c. Gim. \u201eA. Iancu\u201d Baia Mare<\/td><\/tr><tr><td>48.<\/td><td>Pop Ioan<\/td><td>\u0218c. Gim. Nr.1 Str\u00e2mtura<\/td><\/tr><tr><td>49.<\/td><td>Pop Ovidiu<\/td><td>C. N. ,,Drago\u0219 Vod\u0103\u201d Sighetu Marma\u021biei<\/td><\/tr><tr><td>50.<\/td><td>Pu\u0163 Liliana Ivana<\/td><td>Lic. Pedag. ,,R. Ferdinand\u201d Sighetu Marma\u021biei<\/td><\/tr><tr><td>51.<\/td><td>Rad Daniel-Gavril\u0103<\/td><td>L.T. \u201eBogdan-Vod\u0103\u201d Vi\u0219eu de Sus<\/td><\/tr><tr><td>52.<\/td><td>Roman Edith<\/td><td>\u0218c. Gim. ,,Dr. Gheorghe Tite\u201d S\u0103p\u00e2n\u021ba<\/td><\/tr><tr><td>53.<\/td><td>Roman Rozalia-Ioana<\/td><td>\u0218c. Gim. \u201eAugustin Buzura\u201d Copalnic M\u0103n\u0103\u0219tur<\/td><\/tr><tr><td>54.<\/td><td>Ro\u0219ca Ioan<\/td><td>\u0218c. Gim Botiza<\/td><\/tr><tr><td>55.<\/td><td>Rus&nbsp; Veronica<\/td><td>\u0218c. Gim.&nbsp; Once\u0219ti<\/td><\/tr><tr><td>56.<\/td><td>Conf. Univ. dr. Sabo Cosmin<\/td><td>U. T. Cluj-Napoca, Centrul Univ. Nord Baia Mare<\/td><\/tr><tr><td>57.<\/td><td>Savu George Stelian<\/td><td>L.T. \u201eAl. Filipa\u015fcu\u201d Petrova<\/td><\/tr><tr><td>58.<\/td><td>S\u0103vescu Cristian<\/td><td>matematician<\/td><\/tr><tr><td>59.<\/td><td>Simon Ildik\u00f3<\/td><td>\u0218c. Gim. \u201eK\u00f3s K\u00e1roly\u201d Arduzel<\/td><\/tr><tr><td>60.<\/td><td>Sofrac Maria<\/td><td>L.T. \u201eTransilvania\u201d Baia Mare<\/td><\/tr><tr><td>61.<\/td><td>Sz\u00f6nyi Adriana Dora<\/td><td>C. T. \u201eAurel Vlaicu\u201d Baia Mare<\/td><\/tr><tr><td>62.<\/td><td>\u0218tefan Valentin<\/td><td>L. T. \u201eForestier\u201d Sighetu Marma\u021biei<\/td><\/tr><tr><td>63.<\/td><td>\u0218te\u021bcu Mia Ioana<\/td><td>\u015ec. Gim. Nr. 1 Moisei<\/td><\/tr><tr><td>64.<\/td><td>Conf. Univ. dr. Ta\u0219cu-Stavre Ioana<\/td><td>U. T. Cluj-Napoca, Centrul Univ. Nord Baia Mare<\/td><\/tr><tr><td>65.<\/td><td>Timi\u0219 Lenu\u021ba<\/td><td>Liceul Bor\u0219a<\/td><\/tr><tr><td>66.<\/td><td>Tivadar Cornel<\/td><td>C. N. ,,Drago\u0219 Vod\u0103\u201d Sighetu Marma\u021biei<\/td><\/tr><tr><td>67.<\/td><td>Tomoiag\u0103 Ana<\/td><td>\u0218c. Prof. Poienile de sub Munte<\/td><\/tr><tr><td>68.<\/td><td>Vesel-Pop Floare Ioana<\/td><td>Lic. Teor. \u201eBogdan Vod\u0103\u201d Vi\u0219eu de Sus<\/td><\/tr><tr><td>69.<\/td><td>Vi\u015fovan Magdalena<\/td><td>Lic. Pedag. ,,R. Ferdinand\u201d Sighetu Marma\u021biei<\/td><\/tr><tr><td>70.<\/td><td>Vraja-Lokos Eva Ibolya<\/td><td>Lic. Teor. ,,L. Kl\u00e1ra\u201d Sighetu Marma\u021biei<\/td><\/tr><tr><td>71.<\/td><td>Vraja-Lokos Ioan D\u0103nu\u021b<\/td><td>L.T. ,,Marma\u021bia\u201d Sighetu Marma\u021biei<\/td><\/tr><tr><td>72.<\/td><td>Zelenszky Tamara<\/td><td>L.T. ,,Marma\u021bia\u201d Sighetu Marma\u021biei<\/td><\/tr><tr><td>73.<\/td><td>Zetea Bogdan<\/td><td>\u015ec. Gim. ,,G. Co\u0219buc\u201d Sighetu Marma\u021biei<\/td><\/tr><tr><td>74.<\/td><td>Zetea Teodora<\/td><td>\u015ec. Gim. ,,G. Co\u0219buc\u201d Sighetu Marma\u021biei<\/td><\/tr><\/tbody><\/table><\/figure>\n\n\n\n<p><\/p>\n","protected":false},"excerpt":{"rendered":"<p>Informa\u021biile con\u021binute pe acest\u0103 pagin\u0103 urmeaz\u0103 s\u0103 fie actualizate\/modificate! Nr crt Numele \u0219i prenumele Institu\u021bia de \u00eenv\u0103\u021b\u0103m\u00e2nt 1. Alexandrescu Adina \u0218c. Gim. Cic\u00e2rl\u0103u 2. Banco\u0219 Marin&#46;&#46;&#46;<\/p>\n","protected":false},"author":1,"featured_media":0,"parent":44,"menu_order":0,"comment_status":"closed","ping_status":"closed","template":"","meta":{"ngg_post_thumbnail":0,"footnotes":""},"class_list":["post-888","page","type-page","status-publish","hentry"],"aioseo_notices":[],"_links":{"self":[{"href":"https:\/\/ssmr.cunbm.utcluj.ro\/index.php\/wp-json\/wp\/v2\/pages\/888","targetHints":{"allow":["GET"]}}],"collection":[{"href":"https:\/\/ssmr.cunbm.utcluj.ro\/index.php\/wp-json\/wp\/v2\/pages"}],"about":[{"href":"https:\/\/ssmr.cunbm.utcluj.ro\/index.php\/wp-json\/wp\/v2\/types\/page"}],"author":[{"embeddable":true,"href":"https:\/\/ssmr.cunbm.utcluj.ro\/index.php\/wp-json\/wp\/v2\/users\/1"}],"replies":[{"embeddable":true,"href":"https:\/\/ssmr.cunbm.utcluj.ro\/index.php\/wp-json\/wp\/v2\/comments?post=888"}],"version-history":[{"count":89,"href":"https:\/\/ssmr.cunbm.utcluj.ro\/index.php\/wp-json\/wp\/v2\/pages\/888\/revisions"}],"predecessor-version":[{"id":1221,"href":"https:\/\/ssmr.cunbm.utcluj.ro\/index.php\/wp-json\/wp\/v2\/pages\/888\/revisions\/1221"}],"up":[{"embeddable":true,"href":"https:\/\/ssmr.cunbm.utcluj.ro\/index.php\/wp-json\/wp\/v2\/pages\/44"}],"wp:attachment":[{"href":"https:\/\/ssmr.cunbm.utcluj.ro\/index.php\/wp-json\/wp\/v2\/media?parent=888"}],"curies":[{"name":"wp","href":"https:\/\/api.w.org\/{rel}","templated":true}]}}